{"id":7,"date":"2014-03-03T02:16:49","date_gmt":"2014-03-03T02:16:49","guid":{"rendered":"https:\/\/wiprocci.com\/vietnam\/?page_id=7"},"modified":"2023-08-16T04:59:21","modified_gmt":"2023-08-16T04:59:21","slug":"contact-us","status":"publish","type":"page","link":"https:\/\/wiprocci.com\/vietnam\/contact-us\/","title":{"rendered":"Li\u00ean h\u1ec7"},"content":{"rendered":"<div class=\"contact-wrapper\">\n<div class=\"map-responsive\">\n\t<iframe src=\"https:\/\/www.google.com\/maps\/embed?pb=!1m18!1m12!1m3!1d7834.902893680883!2d106.7202084405852!3d10.929230891190485!2m3!1f0!2f0!3f0!3m2!1i1024!2i768!4f13.1!3m3!1m2!1s0x3174d9d019189bd5%3A0x7327a7c34def3ddf!2sVietnam%20Singapore%20Industrial%20Park!5e0!3m2!1sen!2sin!4v1690530627274!5m2!1sen!2sin\" width=\"600\" height=\"450\" style=\"border:0;\" allowfullscreen=\"\" loading=\"lazy\" referrerpolicy=\"no-referrer-when-downgrade\"><\/iframe>\n<\/div>\n<ul>\n<li>\n<h1>Wipro Consumer Care Vi\u1ec7t Nam<\/h1>\n<\/li>\n<li>\n<h1>Nh\u00e0 m\u00e1y:<\/h1>\n<p>S\u1ed1 7, \u0111\u01b0\u1eddng s\u1ed1 4,<br \/>\n                 Khu C\u00f4ng Nghi\u1ec7p Vi\u1ec7t Nam \u2013 Singapore,<br \/>\n                 TP. Thu\u1eadn An, B\u00ecnh D\u01b0\u01a1ng<\/p>\n<h1 class=\"contact-us-padding\">V\u0103n ph\u00f2ng TP. HCM:<\/h1>\n<p>L\u1ea7u 5, Ph\u00f2ng 506 Saigon Trade Center<br \/>\n\t\t37 T\u00f4n \u0110\u1ee9c Th\u1eafng, Q.1, TP. HCM<\/p>\n<h1 class=\"contact-us-padding\">V\u0103n ph\u00f2ng H\u00e0 N\u1ed9i:<\/h1>\n<p>\u00d4 s\u1ed1 2, L\u1ea7u 14, T\u00f2a nh\u00e0 H\u00e0n Vi\u1ec7t<br \/>\n\t\t203 Minh khai, P. Minh Khai, Q. Hai B\u00e0 Tr\u01b0ng, H\u00e0 N\u1ed9i<\/p>\n<\/li>\n<li>\n<h1>S\u1ed1 \u0111i\u1ec7n tho\u1ea1i li\u00ean h\u1ec7:<\/h1>\n<h4 class=\"contact-us-margin\">Nh\u00e0 m\u00e1y:<\/h4>\n<p>\t\t\u0110i\u1ec7n tho\u1ea1i: (84-274) 3743 971\/2\/3\/4<br \/>\n\t\tFax: (84-274) 3743 970<\/p>\n<h4 class=\"contact-us-margin\">V\u0103n ph\u00f2ng TP. HCM:<\/h4>\n<p>\t\t\u0110i\u1ec7n tho\u1ea1i: (84-28) 3910 3831\/2\/3\/4<br \/>\n\t\tFax: (84-28) 3910 3830<\/p>\n<h4 class=\"contact-us-margin\">V\u0103n ph\u00f2ng H\u00e0 N\u1ed9i:<\/h4>\n<p>\t\t\u0110i\u1ec7n tho\u1ea1i: (84-24) 3662 5557\/8\/9<br \/>\n\t\tFax: (84-24) 3662 5556<\/li>\n<li>\n<h1>Email:<\/h1>\n<p>\tB\u00e1o ch\u00ed &#038; Truy\u1ec1n th\u00f4ng<br \/>\n\t<a href=\"mailto:communication.vietnam@wipro.com\">communication.vietnam@wipro.com<\/a><\/p>\n<\/ul>\n<div style=\"clear: both;\"><\/div>\n<\/div>\n","protected":false},"excerpt":{"rendered":"<p>Wipro Consumer Care Vi\u1ec7t Nam Nh\u00e0 m\u00e1y: S\u1ed1 7, \u0111\u01b0\u1eddng s\u1ed1 4, Khu C\u00f4ng Nghi\u1ec7p Vi\u1ec7t Nam \u2013 Singapore, TP. Thu\u1eadn An, B\u00ecnh D\u01b0\u01a1ng V\u0103n ph\u00f2ng TP. HCM: L\u1ea7u 5, Ph\u00f2ng 506 Saigon Trade Center 37 T\u00f4n \u0110\u1ee9c Th\u1eafng, Q.1, TP. HCM V\u0103n ph\u00f2ng H\u00e0 N\u1ed9i: \u00d4 s\u1ed1 2, L\u1ea7u 14, T\u00f2a nh\u00e0 H\u00e0n Vi\u1ec7t [&hellip;]<\/p>\n","protected":false},"author":2,"featured_media":0,"parent":0,"menu_order":0,"comment_status":"closed","ping_status":"closed","template":"","meta":[],"acf":[],"_links":{"self":[{"href":"https:\/\/wiprocci.com\/vietnam\/wp-json\/wp\/v2\/pages\/7"}],"collection":[{"href":"https:\/\/wiprocci.com\/vietnam\/wp-json\/wp\/v2\/pages"}],"about":[{"href":"https:\/\/wiprocci.com\/vietnam\/wp-json\/wp\/v2\/types\/page"}],"author":[{"embeddable":true,"href":"https:\/\/wiprocci.com\/vietnam\/wp-json\/wp\/v2\/users\/2"}],"replies":[{"embeddable":true,"href":"https:\/\/wiprocci.com\/vietnam\/wp-json\/wp\/v2\/comments?post=7"}],"version-history":[{"count":59,"href":"https:\/\/wiprocci.com\/vietnam\/wp-json\/wp\/v2\/pages\/7\/revisions"}],"predecessor-version":[{"id":2922,"href":"https:\/\/wiprocci.com\/vietnam\/wp-json\/wp\/v2\/pages\/7\/revisions\/2922"}],"wp:attachment":[{"href":"https:\/\/wiprocci.com\/vietnam\/wp-json\/wp\/v2\/media?parent=7"}],"curies":[{"name":"wp","href":"https:\/\/api.w.org\/{rel}","templated":true}]}}