{"id":64,"date":"2014-03-04T01:48:47","date_gmt":"2014-03-04T01:48:47","guid":{"rendered":"https:\/\/wiprocci.com\/vietnam\/?page_id=64"},"modified":"2023-12-21T08:56:50","modified_gmt":"2023-12-21T08:56:50","slug":"spirit-of-wipro","status":"publish","type":"page","link":"https:\/\/wiprocci.com\/vietnam\/about-us\/company-profile\/our-values\/spirit-of-wipro\/","title":{"rendered":"Tinh th\u1ea7n Wipro"},"content":{"rendered":"<div class=\"spirit-of-wipro-wrapper\">\n<div class=\"content-wrapper\">\n<div>\n<p>Tinh Th\u1ea7n Wipro ch\u00ednh l\u00e0 c\u1ed1t l\u00f5i c\u1ee7a t\u1eadp \u0111o\u00e0n Wipro. Tinh th\u1ea7n n\u00e0y \u0111\u01b0\u1ee3c \u0111\u00fac k\u1ebft t\u1eeb ch\u00ednh nh\u1eefng y\u00eau c\u1ea7u th\u1ef1c t\u1ebf c\u0169ng nh\u01b0 \u0111\u1ea1i di\u1ec7n cho nh\u1eefng m\u1ee5c ti\u00eau m\u00e0 Wipro mu\u1ed1n h\u01b0\u1edbng \u0111\u1ebfn trong t\u01b0\u01a1ng lai.<\/p>\n<h1>H\u1ebft l\u00f2ng v\u00ec kh\u00e1ch h\u00e0ng<\/h1>\n<p>Ch\u00fang t\u00f4i th\u00e0nh c\u00f4ng khi gi\u00fap kh\u00e1ch h\u00e0ng th\u00e0nh c\u00f4ng. Ch\u00fang t\u00f4i h\u1ee3p t\u00e1c \u0111\u1ec3 hi\u1ec3u kh\u00e1ch h\u00e0ng s\u00e2u s\u1eafc h\u01a1n v\u00e0 nh\u00e2n r\u1ed9ng th\u00e0nh c\u00f4ng. Ch\u00fang t\u00f4i th\u1ef1c thi xu\u1ea5t s\u1eafc. Lu\u00f4n lu\u00f4n l\u00e0 v\u1eady.<\/p>\n<h1>T\u00f4n tr\u1ecdng m\u1ed7i c\u00e1 nh\u00e2n<\/h1>\n<p>Ch\u00fang t\u00f4i \u0111\u1ed1i x\u1eed t\u00f4n tr\u1ecdng v\u1edbi m\u1ed7i c\u00e1 nh\u00e2n. Ch\u00fang t\u00f4i nu\u00f4i d\u01b0\u1ee1ng m\u1ed9t m\u00f4i tr\u01b0\u1eddng l\u00e0m vi\u1ec7c c\u1edfi m\u1edf, \u0111\u1ed9ng vi\u00ean nh\u00e2n vi\u00ean lu\u00f4n h\u1ecdc h\u1ecfi, chia s\u1ebb v\u00e0 ph\u00e1t tri\u1ec3n. Ch\u00fang t\u00f4i khuy\u1ebfn kh\u00edch s\u1ef1 \u0111a d\u1ea1ng v\u1ec1 c\u00e1ch ngh\u0129, v\u1ec1 v\u0103n h\u00f3a v\u00e0 con ng\u01b0\u1eddi.<\/p>\n<h1>H\u00e0nh x\u1eed to\u00e0n c\u1ea7u v\u00e0 c\u00f3 tr\u00e1ch nhi\u1ec7m<\/h1>\n<p>Ch\u00fang t\u00f4i suy ngh\u0129 v\u00e0 h\u00e0nh \u0111\u1ed9ng mang t\u00ednh to\u00e0n c\u1ea7u. Ch\u00fang t\u00f4i l\u00e0 nh\u1eefng c\u00f4ng d\u00e2n c\u00f3 tr\u00e1ch nhi\u1ec7m c\u1ee7a th\u1ebf gi\u1edbi n\u00e0y. S\u1ee9c m\u1ea1nh c\u1ee7a ch\u00fang t\u00f4i \u0111\u1ebfn t\u1eeb s\u1ef1 k\u1ebft n\u1ed1i s\u00e2u s\u1eafc gi\u1eefa con ng\u01b0\u1eddi, \u00fd t\u01b0\u1edfng, c\u1ed9ng \u0111\u1ed3ng v\u00e0 m\u00f4i tr\u01b0\u1eddng.<\/p>\n<h1>Ch\u00ednh tr\u1ef1c trong m\u1ecdi ho\u1ea1t \u0111\u1ed9ng<\/h1>\n<p>Ch\u00ednh tr\u1ef1c l\u00e0 c\u1ed1t l\u00f5i v\u00e0 l\u00e0 n\u1ec1n t\u1ea3ng c\u1ee7a m\u1ecdi vi\u1ec7c ch\u00fang t\u00f4i l\u00e0m. Ch\u00ednh tr\u1ef1c l\u00e0 tu\u00e2n th\u1ee7 ph\u00e1p lu\u1eadt v\u00e0 c\u00f2n nhi\u1ec1u h\u01a1n th\u1ebf n\u1eefa. \u0110\u00f3 l\u00e0 th\u1ef1c hi\u1ec7n nh\u1eefng g\u00ec m\u00ecnh \u0111\u00e3 cam k\u1ebft. Lu\u00f4n trung th\u1ef1c v\u00e0 c\u00f4ng b\u1eb1ng trong m\u1ecdi h\u00e0nh \u0111\u1ed9ng. Ch\u00ednh tr\u1ef1c l\u00e0 lu\u00f4n l\u00e0m \u0111\u00fang \u0111\u1ea1o l\u00fd ngay c\u1ea3 trong nh\u1eefng ho\u00e0n c\u1ea3nh kh\u00f3 kh\u0103n nh\u1ea5t.<\/p>\n<div><\/div>\n<\/div>\n<\/div>\n<\/div>\n","protected":false},"excerpt":{"rendered":"<p>Tinh Th\u1ea7n Wipro ch\u00ednh l\u00e0 c\u1ed1t l\u00f5i c\u1ee7a t\u1eadp \u0111o\u00e0n Wipro. Tinh th\u1ea7n n\u00e0y \u0111\u01b0\u1ee3c \u0111\u00fac k\u1ebft t\u1eeb ch\u00ednh nh\u1eefng y\u00eau c\u1ea7u th\u1ef1c t\u1ebf c\u0169ng nh\u01b0 \u0111\u1ea1i di\u1ec7n cho nh\u1eefng m\u1ee5c ti\u00eau m\u00e0 Wipro mu\u1ed1n h\u01b0\u1edbng \u0111\u1ebfn trong t\u01b0\u01a1ng lai. H\u1ebft l\u00f2ng v\u00ec kh\u00e1ch h\u00e0ng Ch\u00fang t\u00f4i th\u00e0nh c\u00f4ng khi gi\u00fap kh\u00e1ch h\u00e0ng th\u00e0nh c\u00f4ng. [&hellip;]<\/p>\n","protected":false},"author":2,"featured_media":2853,"parent":57,"menu_order":0,"comment_status":"closed","ping_status":"closed","template":"","meta":[],"acf":[],"_links":{"self":[{"href":"https:\/\/wiprocci.com\/vietnam\/wp-json\/wp\/v2\/pages\/64"}],"collection":[{"href":"https:\/\/wiprocci.com\/vietnam\/wp-json\/wp\/v2\/pages"}],"about":[{"href":"https:\/\/wiprocci.com\/vietnam\/wp-json\/wp\/v2\/types\/page"}],"author":[{"embeddable":true,"href":"https:\/\/wiprocci.com\/vietnam\/wp-json\/wp\/v2\/users\/2"}],"replies":[{"embeddable":true,"href":"https:\/\/wiprocci.com\/vietnam\/wp-json\/wp\/v2\/comments?post=64"}],"version-history":[{"count":26,"href":"https:\/\/wiprocci.com\/vietnam\/wp-json\/wp\/v2\/pages\/64\/revisions"}],"predecessor-version":[{"id":3120,"href":"https:\/\/wiprocci.com\/vietnam\/wp-json\/wp\/v2\/pages\/64\/revisions\/3120"}],"up":[{"embeddable":true,"href":"https:\/\/wiprocci.com\/vietnam\/wp-json\/wp\/v2\/pages\/57"}],"wp:featuredmedia":[{"embeddable":true,"href":"https:\/\/wiprocci.com\/vietnam\/wp-json\/wp\/v2\/media\/2853"}],"wp:attachment":[{"href":"https:\/\/wiprocci.com\/vietnam\/wp-json\/wp\/v2\/media?parent=64"}],"curies":[{"name":"wp","href":"https:\/\/api.w.org\/{rel}","templated":true}]}}