{"id":63,"date":"2014-03-04T01:48:32","date_gmt":"2014-03-04T01:48:32","guid":{"rendered":"https:\/\/wiprocci.com\/vietnam\/?page_id=63"},"modified":"2024-01-22T05:38:27","modified_gmt":"2024-01-22T05:38:27","slug":"code-of-business-conduct","status":"publish","type":"page","link":"https:\/\/wiprocci.com\/vietnam\/about-us\/company-profile\/our-values\/code-of-business-conduct\/","title":{"rendered":"Quy t\u1eafc \u1ee9ng x\u1eed &#038; \u0111\u1ea1o \u0111\u1ee9c kinh doanh"},"content":{"rendered":"<div class=\"code-of-business-conduct-wrapper\">\n<div class=\"content-wrapper\">\n<h1>Cam k\u1ebft tu\u00e2n th\u1ee7 c\u1ee7a ch\u00fang t\u00f4i<\/h1>\n<ul>\n<li>Am hi\u1ec3u v\u00e0 th\u1ef1c h\u00e0nh c\u00e1c ch\u00ednh s\u00e1ch c\u1ee7a Wipro v\u00e0 COBCE.<\/li>\n<li>Th\u1ef1c hi\u1ec7n c\u00e1c ch\u00ednh s\u00e1ch c\u1ee7a Wipro b\u1eb1ng c\u1ea3 L\u1edcI N\u00d3I v\u00e0 H\u00c0NH \u0110\u1ed8NG.<\/li>\n<li>B\u00e1o c\u00e1o k\u1ecbp th\u1eddi c\u00e1c lo ng\u1ea1i v\u1ec1 vi\u1ec7c vi ph\u1ea1m ch\u00ednh s\u00e1ch cho c\u1ea5p qu\u1ea3n l\u00fd tr\u1ef1c ti\u1ebfp, Gi\u00e1m \u0111\u1ed1c Nh\u00e2n s\u1ef1, Gi\u00e1m \u0111\u1ed1c c\u00e1c b\u1ed9 ph\u1eadn ho\u1eb7c b\u1ea5t k\u1ef3 th\u00e0nh vi\u00ean n\u00e0o trong ban thanh tra (Ombuds).<\/li>\n<li>Ph\u1ed1i h\u1ee3p v\u00e0 cung c\u1ea5p th\u00f4ng tin m\u1ed9t c\u00e1ch trung th\u1ef1c trong qu\u00e1 tr\u00ecnh \u0111i\u1ec1u tra c\u00e1c vi ph\u1ea1m.<\/li>\n<\/ul>\n<h1>Ch\u00ednh s\u00e1ch COBCE<\/h1>\n<ul>\n<li>H\u00e0nh \u0111\u1ed9ng v\u00ec l\u1ee3i \u00edch t\u1ed1t nh\u1ea5t \u0111\u1ed1i v\u1edbi kh\u00e1ch h\u00e0ng, \u0111\u1ed1i t\u00e1c kinh doanh v\u00e0 c\u1ed9ng \u0111\u1ed3ng. B\u1ea3o m\u1eadt th\u00f4ng tin c\u1ee7a kh\u00e1ch h\u00e0ng v\u00e0 nh\u00e0 cung c\u1ea5p. Tr\u00e1nh m\u00e2u thu\u1eabn v\u1ec1 l\u1ee3i \u00edch do t\u00e1c \u0111\u1ed9ng c\u1ee7a qu\u00e0 t\u1eb7ng v\u00e0 chi\u00eau \u0111\u00e3i. Tu\u00e2n th\u1ee7 c\u00e1c quy t\u1eafc giao ti\u1ebfp tr\u00ean c\u00e1c ph\u01b0\u01a1ng ti\u1ec7n truy\u1ec1n th\u00f4ng.<\/li>\n<li>B\u1ea3o m\u1eadt th\u00f4ng tin v\u00e0 t\u00e0i s\u1ea3n, b\u1ea3o m\u1eadt c\u00e1c s\u1edf h\u1eefu tr\u00ed tu\u1ec7 kinh doanh, b\u1ea3o v\u1ec7 quy\u1ec1n ri\u00eang t\u01b0 c\u1ee7a nh\u00e2n vi\u00ean v\u00e0 th\u00f4ng tin c\u00e1 nh\u00e2n, h\u1ed3 s\u01a1 kinh doanh&#8230;<\/li>\n<li>Tu\u00e2n th\u1ee7 t\u00ednh x\u00e1c \u0111\u00e1ng, tinh th\u1ea7n ph\u00e1p lu\u1eadt, c\u1ea1nh tranh c\u00f4ng b\u1eb1ng, ch\u1ed1ng tham nh\u0169ng.<\/li>\n<li>T\u00f4n tr\u1ecdng nh\u00e2n quy\u1ec1n, t\u00ednh \u0111a d\u1ea1ng v\u00e0 kh\u00f4ng ph\u00e2n bi\u1ec7t \u0111\u1ed1i x\u1eed. X\u00e2y d\u1ef1ng m\u00f4i tr\u01b0\u1eddng l\u00e0m vi\u1ec7c an to\u00e0n, l\u00e0nh m\u1ea1nh, kh\u00f4ng c\u00f3 c\u00e1c ho\u1ea1t \u0111\u1ed9ng qu\u1ea5y r\u1ed1i.<\/li>\n<\/ul>\n<\/div>\n<\/div>\n","protected":false},"excerpt":{"rendered":"<p>Cam k\u1ebft tu\u00e2n th\u1ee7 c\u1ee7a ch\u00fang t\u00f4i Am hi\u1ec3u v\u00e0 th\u1ef1c h\u00e0nh c\u00e1c ch\u00ednh s\u00e1ch c\u1ee7a Wipro v\u00e0 COBCE. Th\u1ef1c hi\u1ec7n c\u00e1c ch\u00ednh s\u00e1ch c\u1ee7a Wipro b\u1eb1ng c\u1ea3 L\u1edcI N\u00d3I v\u00e0 H\u00c0NH \u0110\u1ed8NG. B\u00e1o c\u00e1o k\u1ecbp th\u1eddi c\u00e1c lo ng\u1ea1i v\u1ec1 vi\u1ec7c vi ph\u1ea1m ch\u00ednh s\u00e1ch cho c\u1ea5p qu\u1ea3n l\u00fd tr\u1ef1c ti\u1ebfp, Gi\u00e1m \u0111\u1ed1c Nh\u00e2n [&hellip;]<\/p>\n","protected":false},"author":2,"featured_media":2897,"parent":57,"menu_order":0,"comment_status":"closed","ping_status":"closed","template":"","meta":[],"acf":[],"_links":{"self":[{"href":"https:\/\/wiprocci.com\/vietnam\/wp-json\/wp\/v2\/pages\/63"}],"collection":[{"href":"https:\/\/wiprocci.com\/vietnam\/wp-json\/wp\/v2\/pages"}],"about":[{"href":"https:\/\/wiprocci.com\/vietnam\/wp-json\/wp\/v2\/types\/page"}],"author":[{"embeddable":true,"href":"https:\/\/wiprocci.com\/vietnam\/wp-json\/wp\/v2\/users\/2"}],"replies":[{"embeddable":true,"href":"https:\/\/wiprocci.com\/vietnam\/wp-json\/wp\/v2\/comments?post=63"}],"version-history":[{"count":33,"href":"https:\/\/wiprocci.com\/vietnam\/wp-json\/wp\/v2\/pages\/63\/revisions"}],"predecessor-version":[{"id":3133,"href":"https:\/\/wiprocci.com\/vietnam\/wp-json\/wp\/v2\/pages\/63\/revisions\/3133"}],"up":[{"embeddable":true,"href":"https:\/\/wiprocci.com\/vietnam\/wp-json\/wp\/v2\/pages\/57"}],"wp:featuredmedia":[{"embeddable":true,"href":"https:\/\/wiprocci.com\/vietnam\/wp-json\/wp\/v2\/media\/2897"}],"wp:attachment":[{"href":"https:\/\/wiprocci.com\/vietnam\/wp-json\/wp\/v2\/media?parent=63"}],"curies":[{"name":"wp","href":"https:\/\/api.w.org\/{rel}","templated":true}]}}