{"id":57,"date":"2014-03-04T01:47:44","date_gmt":"2014-03-04T01:47:44","guid":{"rendered":"https:\/\/wiprocci.com\/vietnam\/?page_id=57"},"modified":"2023-12-21T05:39:11","modified_gmt":"2023-12-21T05:39:11","slug":"our-values","status":"publish","type":"page","link":"https:\/\/wiprocci.com\/vietnam\/about-us\/company-profile\/our-values\/","title":{"rendered":"Gi\u00e1 tr\u1ecb c\u1ed1t l\u00f5i"},"content":{"rendered":"<div class=\"our-values-wrapper\">\n<div class=\"content-wrapper\">\n<p>S\u1ef1 quan t\u00e2m h\u00e0ng \u0111\u1ea7u c\u1ee7a ch\u00fang t\u00f4i l\u00e0 kh\u00e1ch h\u00e0ng, ng\u01b0\u1eddi ti\u00eau d\u00f9ng, nh\u00e2n vi\u00ean v\u00e0 c\u1ed9ng \u0111\u1ed3ng.<\/p>\n<p>C\u00e1c gi\u00e1 tr\u1ecb c\u1ed1t l\u00f5i c\u1ee7a ch\u00fang t\u00f4i \u2013 Tinh th\u1ea7n Wipro ph\u1ea3n \u00e1nh r\u00f5 nh\u1ea5t nh\u1eefng g\u00ec ch\u00fang t\u00f4i \u0111ang l\u00e0m v\u00e0 tin t\u01b0\u1edfng:<\/p>\n<ul>\n<li style=\"font-weight: 400;\" aria-level=\"1\"><span style=\"font-weight: 400;\">H\u1ebft l\u00f2ng v\u00ec kh\u00e1ch h\u00e0ng.<\/span><\/li>\n<li style=\"font-weight: 400;\" aria-level=\"1\"><span style=\"font-weight: 400;\">T\u00f4n tr\u1ecdng m\u1ed7i c\u00e1 nh\u00e2n.<\/span><\/li>\n<li style=\"font-weight: 400;\" aria-level=\"1\"><span style=\"font-weight: 400;\">H\u00e0nh x\u1eed to\u00e0n c\u1ea7u v\u00e0 tr\u00e1ch nhi\u1ec7m.<\/span><\/li>\n<li style=\"font-weight: 400;\" aria-level=\"1\"><span style=\"font-weight: 400;\">Ch\u00ednh tr\u1ef1c trong m\u1ecdi ho\u1ea1t \u0111\u1ed9ng.<\/span><\/li>\n<\/ul>\n<\/div>\n<\/div>\n","protected":false},"excerpt":{"rendered":"<p>S\u1ef1 quan t\u00e2m h\u00e0ng \u0111\u1ea7u c\u1ee7a ch\u00fang t\u00f4i l\u00e0 kh\u00e1ch h\u00e0ng, ng\u01b0\u1eddi ti\u00eau d\u00f9ng, nh\u00e2n vi\u00ean v\u00e0 c\u1ed9ng \u0111\u1ed3ng. C\u00e1c gi\u00e1 tr\u1ecb c\u1ed1t l\u00f5i c\u1ee7a ch\u00fang t\u00f4i \u2013 Tinh th\u1ea7n Wipro ph\u1ea3n \u00e1nh r\u00f5 nh\u1ea5t nh\u1eefng g\u00ec ch\u00fang t\u00f4i \u0111ang l\u00e0m v\u00e0 tin t\u01b0\u1edfng: H\u1ebft l\u00f2ng v\u00ec kh\u00e1ch h\u00e0ng. T\u00f4n tr\u1ecdng m\u1ed7i c\u00e1 nh\u00e2n. H\u00e0nh [&hellip;]<\/p>\n","protected":false},"author":2,"featured_media":2169,"parent":17,"menu_order":0,"comment_status":"closed","ping_status":"closed","template":"","meta":[],"acf":[],"_links":{"self":[{"href":"https:\/\/wiprocci.com\/vietnam\/wp-json\/wp\/v2\/pages\/57"}],"collection":[{"href":"https:\/\/wiprocci.com\/vietnam\/wp-json\/wp\/v2\/pages"}],"about":[{"href":"https:\/\/wiprocci.com\/vietnam\/wp-json\/wp\/v2\/types\/page"}],"author":[{"embeddable":true,"href":"https:\/\/wiprocci.com\/vietnam\/wp-json\/wp\/v2\/users\/2"}],"replies":[{"embeddable":true,"href":"https:\/\/wiprocci.com\/vietnam\/wp-json\/wp\/v2\/comments?post=57"}],"version-history":[{"count":9,"href":"https:\/\/wiprocci.com\/vietnam\/wp-json\/wp\/v2\/pages\/57\/revisions"}],"predecessor-version":[{"id":3062,"href":"https:\/\/wiprocci.com\/vietnam\/wp-json\/wp\/v2\/pages\/57\/revisions\/3062"}],"up":[{"embeddable":true,"href":"https:\/\/wiprocci.com\/vietnam\/wp-json\/wp\/v2\/pages\/17"}],"wp:featuredmedia":[{"embeddable":true,"href":"https:\/\/wiprocci.com\/vietnam\/wp-json\/wp\/v2\/media\/2169"}],"wp:attachment":[{"href":"https:\/\/wiprocci.com\/vietnam\/wp-json\/wp\/v2\/media?parent=57"}],"curies":[{"name":"wp","href":"https:\/\/api.w.org\/{rel}","templated":true}]}}