{"id":53,"date":"2014-03-04T01:46:54","date_gmt":"2014-03-04T01:46:54","guid":{"rendered":"https:\/\/wiprocci.com\/vietnam\/?page_id=53"},"modified":"2024-01-02T11:30:38","modified_gmt":"2024-01-02T11:30:38","slug":"company-history","status":"publish","type":"page","link":"https:\/\/wiprocci.com\/vietnam\/about-us\/company-profile\/company-history\/","title":{"rendered":"L\u1ecbch s\u1eed c\u00f4ng ty"},"content":{"rendered":"<div class=\"company-history\">\n<div class=\"content-wrapper\">\n<div class=\"content\">\n<h1>L\u1ecbch s\u1eed &amp; Ph\u00e1t tri\u1ec3n<\/h1>\n<p>Wipro Consumer Care Vi\u1ec7t Nam c\u00f3 tr\u1ee5 s\u1edf ch\u00ednh v\u00e0 nh\u00e0 m\u00e1y t\u1ea1i t\u1ec9nh B\u00ecnh D\u01b0\u01a1ng. Nh\u00e0 m\u00e1y c\u1ee7a ch\u00fang t\u00f4i t\u1ecda l\u1ea1c tr\u00ean khu \u0111\u1ea5t r\u1ed9ng 20.000 m2 t\u1ea1i Khu C\u00f4ng Nghi\u1ec7p Vi\u1ec7t Nam Singapore 1 (VSIP1) v\u00e0 g\u1ea7n \u0111\u00e2y \u0111\u00e3 \u0111\u01b0\u1ee3c m\u1edf r\u1ed9ng quy m\u00f4 l\u1edbn h\u01a1n \u0111\u1ec3 \u0111\u00e1p \u1ee9ng nhu c\u1ea7u ng\u00e0y c\u00e0ng t\u0103ng c\u1ee7a th\u1ecb tr\u01b0\u1eddng n\u1ed9i \u0111\u1ecba c\u0169ng nh\u01b0 xu\u1ea5t kh\u1ea9u sang c\u00e1c th\u1ecb tr\u01b0\u1eddng kh\u00e1c \u1edf Ch\u00e2u \u00c1.<\/p>\n<p>Ch\u00fang t\u00f4i b\u1eaft \u0111\u1ea7u ho\u1ea1t \u0111\u1ed9ng v\u00e0o n\u0103m 1996 v\u00e0 k\u1ec3 t\u1eeb \u0111\u00f3, b\u1eb1ng s\u1ef1 s\u00e1ng t\u1ea1o v\u00e0 ph\u00e1t tri\u1ec3n kh\u00f4ng ng\u1eebng ch\u00fang t\u00f4i \u0111\u00e3 t\u1ef1 h\u00e0o tr\u1edf th\u00e0nh doanh nghi\u1ec7p l\u1edbn th\u1ee9 ba th\u1ecb tr\u01b0\u1eddng ch\u0103m s\u00f3c c\u00e1 nh\u00e2n (kh\u00f4ng bao g\u1ed3m ng\u00e0nh h\u00e0ng gi\u1ea5y) t\u1ea1i Vi\u1ec7t Nam v\u1edbi m\u1ee9c t\u0103ng tr\u01b0\u1edfng b\u00ecnh qu\u00e2n h\u00e0ng n\u0103m hai ch\u1eef s\u1ed1 \u0111\u1ebfn t\u1eeb c\u00e1c th\u01b0\u01a1ng hi\u1ec7u n\u1ed5i ti\u1ebfng nh\u01b0 Enchanteur, Romano, Gervenne, MaxKleen, Bio-essence, Carrie Junior v\u00e0 Aiken.<\/p>\n<p>Wipro \u0111\u00e3 \u0111\u01b0\u1ee3c \u0111\u00e1nh gi\u00e1 l\u00e0 m\u1ed9t trong nh\u1eefng c\u00f4ng ty c\u00f3 \u0111\u1ea1o \u0111\u1ee9c nh\u1ea5t th\u1ebf gi\u1edbi trong nhi\u1ec1u n\u0103m, t\u1eeb 2013-2018, b\u1edfi Vi\u1ec7n Ethisphere \u2013 \u0111\u01a1n v\u1ecb d\u1eabn \u0111\u1ea7u to\u00e0n c\u1ea7u trong vi\u1ec7c x\u00e1c \u0111\u1ecbnh v\u00e0 n\u00e2ng cao c\u00e1c ti\u00eau chu\u1ea9n th\u1ef1c h\u00e0nh kinh doanh c\u00f3 \u0111\u1ea1o \u0111\u1ee9c<\/p>\n<p>S\u1ee9 m\u1ec7nh c\u1ee7a Wipro Consumer Care Vi\u1ec7t Nam l\u00e0 \u0111\u1ea1t \u0111\u01b0\u1ee3c th\u00e0nh c\u00f4ng \u0111\u1ed3ng th\u1eddi gi\u00fap kh\u00e1ch h\u00e0ng c\u1ee7a ch\u00fang t\u00f4i \u0111\u1ea1t \u0111\u01b0\u1ee3c th\u00e0nh c\u00f4ng c\u1ee7a h\u1ecd. T\u00ednh ch\u00ednh tr\u1ef1c v\u00e0 tr\u00e1ch nhi\u1ec7m c\u0169ng l\u00e0 c\u1ed1t l\u00f5i trong ho\u1ea1t \u0111\u1ed9ng kinh doanh c\u1ee7a ch\u00fang t\u00f4i. C\u00f4ng ty c\u00f3 b\u1ed9 ph\u1eadn thanh tra gi\u00e1m s\u00e1t \u0111\u1ed9c l\u1eadp r\u1ea5t m\u1ea1nh v\u00e0 b\u1ed9 quy t\u1eafc \u1ee9ng x\u1eed (COBCE) \u0111\u1ec3 \u0111\u1ea3m b\u1ea3o m\u1ed7i nh\u00e2n vi\u00ean c\u0169ng nh\u01b0 \u0111\u1ed1i t\u00e1c, kh\u00e1ch h\u00e0ng hi\u1ec3u \u0111\u01b0\u1ee3c tri\u1ebft l\u00fd v\u00e0 \u0111\u1ea1o \u0111\u1ee9c kinh doanh c\u1ee7a ch\u00fang t\u00f4i. C\u00f4ng ty lu\u00f4n tu\u00e2n th\u1ee7 c\u00e1c chu\u1ea9n m\u1ef1c \u0111\u1ea1o \u0111\u1ee9c v\u00e0 ph\u00e1p lu\u1eadt Vi\u1ec7t Nam.<\/p>\n<p>Wipro Consumer Care Vi\u1ec7t Nam c\u00f2n \u0111\u01b0\u1ee3c vinh danh \u1edf nhi\u1ec1u h\u1ea1ng m\u1ee5c gi\u1ea3i th\u01b0\u1edfng uy t\u00edn:<\/p>\n<ul>\n<li>N\u0103m n\u0103m li\u00ean ti\u1ebfp cho gi\u1ea3i th\u01b0\u1edfng Top 100 N\u01a1i l\u00e0m vi\u1ec7c t\u1ed1t nh\u1ea5t Ch\u00e2u \u00c1 (2018-2022).<\/li>\n<li>S\u00e1u n\u0103m li\u00ean ti\u1ebfp cho gi\u1ea3i th\u01b0\u1edfng Top 100 N\u01a1i l\u00e0m vi\u1ec7c t\u1ed1t nh\u1ea5t Vi\u1ec7t Nam (2018-2023).<\/li>\n<li>Top Doanh nghi\u1ec7p su\u1ea5t s\u1eafc Ch\u00e2u \u00c1 2023.<\/li>\n<li>Top 50 Th\u01b0\u01a1ng hi\u1ec7u nh\u00e0 tuy\u1ec3n d\u1ee5ng h\u1ea5p d\u1eabn v\u1edbi sinh vi\u00ean Vi\u1ec7t Nam 2023.<\/li>\n<li>Top 15 Doanh nghi\u1ec7p ti\u00eau bi\u1ec3u c\u00f3 ngu\u1ed3n nh\u00e2n l\u1ef1c h\u1ea1nh ph\u00fac 2023.<\/li>\n<li>Gi\u1ea3i v\u00e0ng &#8211; Gi\u1ea3i th\u01b0\u1edfng Ch\u1ea5t l\u01b0\u1ee3ng Qu\u1ed1c gia Vi\u1ec7t Nam 2023.<\/li>\n<\/ul>\n<p>Nh\u1eefng th\u00e0nh t\u1ef1u n\u00e0y l\u00e0 s\u1ef1 ghi nh\u1eadn tuy\u1ec7t v\u1eddi cho nh\u1eefng c\u1ed1ng hi\u1ebfn v\u00e0 n\u1ed7 l\u1ef1c c\u1ee7a to\u00e0n th\u1ec3 nh\u00e2n vi\u00ean c\u00f4ng ty trong vi\u1ec7c kh\u00f4ng ng\u1eebng x\u00e2y d\u1ef1ng m\u00f4i tr\u01b0\u1eddng l\u00e0m vi\u1ec7c \u201cH\u1ecdc h\u1ecfi \u2013 Ph\u00e1t tri\u1ec3n \u2013 Vui s\u1ed1ng \u2013 H\u1ea1nh ph\u00fac\u201d.<\/p>\n<h1>Nh\u1eefng c\u1ed9t m\u1ed1c quan tr\u1ecdng<\/h1>\n<p>1996 \u2013 S\u1ea3n ph\u1ea9m Unza \u0111\u01b0\u1ee3c ph\u00e2n ph\u1ed1i b\u1edfi c\u00f4ng ty EAC.<br \/>\n1999 \u2013 Unza Vi\u1ec7t Nam \u0111\u01b0\u1ee3c th\u00e0nh l\u1eadp v\u00e0 \u0111\u1ea1t ti\u00eau chu\u1ea9n ISO\/ GMP t\u1ea1i B\u00ecnh D\u01b0\u01a1ng.<br \/>\n2007 \u2013 T\u1eadp \u0111o\u00e0n Wipro mua l\u1ea1i t\u1eadp \u0111o\u00e0n Unza Malaysia.<br \/>\n2010 \u2013 C\u00f4ng ty \u0111\u1ed5i t\u00ean th\u00e0nh Wipro Unza Vi\u1ec7t Nam.<br \/>\n2012 \u2013 Wipro Unza Vi\u1ec7t Nam v\u01b0\u01a1n l\u00ean v\u1ecb tr\u00ed th\u1ee9 3 trong nh\u00f3m ng\u00e0nh h\u00e0ng ch\u0103m s\u00f3c c\u00e1 nh\u00e2n thu\u1ed9c ng\u00e0nh h\u00e0ng ti\u00eau d\u00f9ng nhanh t\u1ea1i Vi\u1ec7t Nam.<br \/>\n2019 \u2013 C\u00f4ng ty \u0111\u1ed5i t\u00ean th\u00e0nh Wipro Consumer Care Vi\u1ec7t Nam.<br \/>\n2021 &#8211; C\u00f4ng ty duy tr\u00ec s\u1ea3n xu\u1ea5t kinh doanh li\u00ean t\u1ee5c kh\u00f4ng gi\u00e1n \u0111o\u1ea1n b\u1edfi d\u1ecbch b\u1ec7nh Covid-19 v\u00e0 v\u1eabn ti\u1ebfp t\u1ee5c t\u0103ng tr\u01b0\u1edfng.<br \/>\n2022 &#8211; C\u00f4ng ty \u0111o\u1ea1t gi\u1ea3i th\u01b0\u1edfng Top 100 N\u01a1i l\u00e0m vi\u1ec7c t\u1ed1t nh\u1ea5t Ch\u00e2u \u00c1 n\u0103m th\u1ee9 n\u0103m li\u00ean ti\u1ebfp.<br \/>\n2023 &#8211; C\u00f4ng ty c\u00f9ng l\u00fac \u0111o\u1ea1t c\u1ea3 3 gi\u1ea3i th\u01b0\u1edfng: Top 100 N\u01a1i l\u00e0m vi\u1ec7c t\u1ed1t nh\u1ea5t Vi\u1ec7t Nam; Top 50 Th\u01b0\u01a1ng hi\u1ec7u nh\u00e0 tuy\u1ec3n d\u1ee5ng h\u1ea5p d\u1eabn v\u1edbi sinh vi\u00ean Vi\u1ec7t Nam; Top 15 Doanh nghi\u1ec7p ti\u00eau bi\u1ec3u c\u00f3 ngu\u1ed3n nh\u00e2n l\u1ef1c h\u1ea1nh ph\u00fac.<br \/>\nC\u0169ng trong n\u0103m 2023, c\u00f4ng ty c\u00f2n \u0111o\u1ea1t th\u00eam Gi\u1ea3i th\u01b0\u1edfng V\u00e0ng Ch\u1ea5t l\u01b0\u1ee3ng qu\u1ed1c gia Vi\u1ec7t Nam v\u00e0 Ch\u1ee9ng nh\u1eadn V\u00e0ng &#8211; ti\u00eau chu\u1ea9n GMP c\u1ee7a Wipro Consumer Care &amp; Lighting.<\/p>\n<\/div>\n<\/div>\n<\/div>\n","protected":false},"excerpt":{"rendered":"<p>L\u1ecbch s\u1eed &amp; Ph\u00e1t tri\u1ec3n Wipro Consumer Care Vi\u1ec7t Nam c\u00f3 tr\u1ee5 s\u1edf ch\u00ednh v\u00e0 nh\u00e0 m\u00e1y t\u1ea1i t\u1ec9nh B\u00ecnh D\u01b0\u01a1ng. Nh\u00e0 m\u00e1y c\u1ee7a ch\u00fang t\u00f4i t\u1ecda l\u1ea1c tr\u00ean khu \u0111\u1ea5t r\u1ed9ng 20.000 m2 t\u1ea1i Khu C\u00f4ng Nghi\u1ec7p Vi\u1ec7t Nam Singapore 1 (VSIP1) v\u00e0 g\u1ea7n \u0111\u00e2y \u0111\u00e3 \u0111\u01b0\u1ee3c m\u1edf r\u1ed9ng quy m\u00f4 l\u1edbn h\u01a1n \u0111\u1ec3 [&hellip;]<\/p>\n","protected":false},"author":2,"featured_media":2896,"parent":17,"menu_order":0,"comment_status":"closed","ping_status":"closed","template":"page-templates\/front-page.php","meta":[],"acf":[],"_links":{"self":[{"href":"https:\/\/wiprocci.com\/vietnam\/wp-json\/wp\/v2\/pages\/53"}],"collection":[{"href":"https:\/\/wiprocci.com\/vietnam\/wp-json\/wp\/v2\/pages"}],"about":[{"href":"https:\/\/wiprocci.com\/vietnam\/wp-json\/wp\/v2\/types\/page"}],"author":[{"embeddable":true,"href":"https:\/\/wiprocci.com\/vietnam\/wp-json\/wp\/v2\/users\/2"}],"replies":[{"embeddable":true,"href":"https:\/\/wiprocci.com\/vietnam\/wp-json\/wp\/v2\/comments?post=53"}],"version-history":[{"count":39,"href":"https:\/\/wiprocci.com\/vietnam\/wp-json\/wp\/v2\/pages\/53\/revisions"}],"predecessor-version":[{"id":3117,"href":"https:\/\/wiprocci.com\/vietnam\/wp-json\/wp\/v2\/pages\/53\/revisions\/3117"}],"up":[{"embeddable":true,"href":"https:\/\/wiprocci.com\/vietnam\/wp-json\/wp\/v2\/pages\/17"}],"wp:featuredmedia":[{"embeddable":true,"href":"https:\/\/wiprocci.com\/vietnam\/wp-json\/wp\/v2\/media\/2896"}],"wp:attachment":[{"href":"https:\/\/wiprocci.com\/vietnam\/wp-json\/wp\/v2\/media?parent=53"}],"curies":[{"name":"wp","href":"https:\/\/api.w.org\/{rel}","templated":true}]}}