{"id":3070,"date":"2023-12-21T05:59:09","date_gmt":"2023-12-21T05:59:09","guid":{"rendered":"https:\/\/wiprocci.com\/vietnam\/?page_id=3070"},"modified":"2024-01-02T11:35:57","modified_gmt":"2024-01-02T11:35:57","slug":"hoat-dong-vi-cong-dong","status":"publish","type":"page","link":"https:\/\/wiprocci.com\/vietnam\/about-us\/company-profile\/our-values\/hoat-dong-vi-cong-dong\/","title":{"rendered":"\u00a0Ho\u1ea1t \u0111\u1ed9ng v\u00ec c\u1ed9ng \u0111\u1ed3ng"},"content":{"rendered":"<div class=\"code-of-business-conduct-wrapper\">\n<div class=\"content-wrapper\">\n<p>V\u1edbi l\u1ecbch s\u1eed g\u1ea7n 30 n\u0103m ho\u1ea1t \u0111\u1ed9ng s\u1ea3n xu\u1ea5t kinh doanh t\u1ea1i Vi\u1ec7t Nam, Wipro c\u00f9ng c\u00e1c nh\u00e3n h\u00e0ng c\u1ee7a m\u00ecnh \u0111\u00e3 \u0111\u00f3ng g\u00f3p nhi\u1ec1u gi\u00e1 tr\u1ecb b\u1ec1n v\u1eefng cho vi\u1ec7c b\u1ea3o v\u1ec7 m\u00f4i tr\u01b0\u1eddng v\u00e0 n\u00e2ng cao ch\u1ea5t l\u01b0\u1ee3ng cu\u1ed9c s\u1ed1ng c\u1ee7a ng\u01b0\u1eddi ti\u00eau d\u00f9ng Vi\u1ec7t Nam.<\/p>\n<p>B\u00ean c\u1ea1nh t\u1ea7m nh\u00ecn l\u00e0 tr\u1edf th\u00e0nh m\u1ed9t c\u00f4ng ty h\u00e0ng ti\u00eau d\u00f9ng qu\u1ed1c t\u1ebf \u0111\u1ee9ng \u0111\u1ea7u t\u1ea1i Vi\u1ec7t Nam, Wipro Consumer Care Vi\u1ec7t Nam c\u00f2n ch\u00fa tr\u1ecdng \u0111\u1ebfn tr\u00e1ch nhi\u1ec7m x\u00e3 h\u1ed9i, mang l\u1ea1i gi\u00e1 tr\u1ecb tinh th\u1ea7n l\u1edbn h\u01a1n cho c\u1ed9ng \u0111\u1ed3ng.<\/p>\n<p>V\u1edbi tinh th\u1ea7n \u0111\u00f3, ch\u00fang t\u00f4i \u0111\u00e3 t\u1eadp trung \u0111\u1ea7u t\u01b0 v\u00e0 \u0111\u1ea9y m\u1ea1nh c\u00e1c ho\u1ea1t \u0111\u1ed9ng h\u01b0\u1edbng v\u1ec1 m\u00f4i tr\u01b0\u1eddng xanh, \u01b0\u01a1m m\u1ea7m th\u1ebf h\u1ec7 tr\u1ebb t\u01b0\u01a1ng lai v\u00e0 c\u00f9ng chung tay x\u00e2y d\u1ef1ng c\u1ed9ng \u0111\u1ed3ng, x\u00e3 h\u1ed9i ng\u00e0y m\u1ed9t t\u1ed1t h\u01a1n.<\/p>\n<h1>Nh\u1eefng ho\u1ea1t \u0111\u1ed9ng n\u1ed5i b\u1eadt c\u1ee7a Wipro Consumer Vi\u1ec7t Nam trong th\u1eddi gian qua:<\/h1>\n<p>C\u1ea3i thi\u1ec7n m\u00f4i tr\u01b0\u1eddng xanh: tr\u1ed3ng r\u1eebng, thu nh\u1eb7t r\u00e1c v\u00e0 tuy\u00ean truy\u1ec1n b\u1ea3o v\u1ec7 m\u00f4i tr\u01b0\u1eddng bi\u1ec3n.<br \/>\nCh\u01b0\u01a1ng tr\u00ecnh \u01b0\u01a1m m\u1ea7m th\u1ebf h\u1ec7 t\u01b0\u01a1ng lai: trao t\u1eb7ng h\u1ecdc b\u1ed5ng cho c\u00e1c em h\u1ecdc sinh gi\u1ecfi c\u00f3 ho\u00e0n c\u1ea3nh kh\u00f3 kh\u0103n tr\u00ean \u0111\u1ecba b\u00e0n t\u1ec9nh B\u00ecnh D\u01b0\u01a1ng.<br \/>\nNhi\u1ec1u ho\u1ea1t \u0111\u1ed9ng thi\u1ec7n nguy\u1ec7n th\u1ec3 hi\u1ec7n tr\u00e1ch nhi\u1ec7m v\u1edbi \u0111\u1ecba ph\u01b0\u01a1ng: phi\u00ean ch\u1ee3 y\u00eau th\u01b0\u01a1ng 0 \u0111\u1ed3ng, hi\u1ebfn m\u00e1u nh\u00e2n \u0111\u1ea1o, trao t\u1eb7ng qu\u00e0 cho ng\u01b0\u1eddi d\u00e2n c\u00f3 ho\u00e0n c\u1ea3nh kh\u00f3 kh\u0103n.<br \/>\nTr\u00e1ch nhi\u1ec7m v\u1edbi m\u00f4i tr\u01b0\u1eddng: thu gom pin \u0111\u00e3 qua s\u1eed d\u1ee5ng, t\u0103ng c\u01b0\u1eddng nh\u1eadn th\u1ee9c v\u1ec1 vi\u1ec7c h\u1ea1n ch\u1ebf s\u1eed d\u1ee5ng nh\u1ef1a v\u00e0 gi\u1ea5y.<\/p>\n<\/div>\n<\/div>\n","protected":false},"excerpt":{"rendered":"<p>V\u1edbi l\u1ecbch s\u1eed g\u1ea7n 30 n\u0103m ho\u1ea1t \u0111\u1ed9ng s\u1ea3n xu\u1ea5t kinh doanh t\u1ea1i Vi\u1ec7t Nam, Wipro c\u00f9ng c\u00e1c nh\u00e3n h\u00e0ng c\u1ee7a m\u00ecnh \u0111\u00e3 \u0111\u00f3ng g\u00f3p nhi\u1ec1u gi\u00e1 tr\u1ecb b\u1ec1n v\u1eefng cho vi\u1ec7c b\u1ea3o v\u1ec7 m\u00f4i tr\u01b0\u1eddng v\u00e0 n\u00e2ng cao ch\u1ea5t l\u01b0\u1ee3ng cu\u1ed9c s\u1ed1ng c\u1ee7a ng\u01b0\u1eddi ti\u00eau d\u00f9ng Vi\u1ec7t Nam. B\u00ean c\u1ea1nh t\u1ea7m nh\u00ecn l\u00e0 tr\u1edf [&hellip;]<\/p>\n","protected":false},"author":2,"featured_media":2853,"parent":57,"menu_order":0,"comment_status":"closed","ping_status":"closed","template":"","meta":[],"acf":[],"_links":{"self":[{"href":"https:\/\/wiprocci.com\/vietnam\/wp-json\/wp\/v2\/pages\/3070"}],"collection":[{"href":"https:\/\/wiprocci.com\/vietnam\/wp-json\/wp\/v2\/pages"}],"about":[{"href":"https:\/\/wiprocci.com\/vietnam\/wp-json\/wp\/v2\/types\/page"}],"author":[{"embeddable":true,"href":"https:\/\/wiprocci.com\/vietnam\/wp-json\/wp\/v2\/users\/2"}],"replies":[{"embeddable":true,"href":"https:\/\/wiprocci.com\/vietnam\/wp-json\/wp\/v2\/comments?post=3070"}],"version-history":[{"count":4,"href":"https:\/\/wiprocci.com\/vietnam\/wp-json\/wp\/v2\/pages\/3070\/revisions"}],"predecessor-version":[{"id":3121,"href":"https:\/\/wiprocci.com\/vietnam\/wp-json\/wp\/v2\/pages\/3070\/revisions\/3121"}],"up":[{"embeddable":true,"href":"https:\/\/wiprocci.com\/vietnam\/wp-json\/wp\/v2\/pages\/57"}],"wp:featuredmedia":[{"embeddable":true,"href":"https:\/\/wiprocci.com\/vietnam\/wp-json\/wp\/v2\/media\/2853"}],"wp:attachment":[{"href":"https:\/\/wiprocci.com\/vietnam\/wp-json\/wp\/v2\/media?parent=3070"}],"curies":[{"name":"wp","href":"https:\/\/api.w.org\/{rel}","templated":true}]}}