{"id":2890,"date":"2023-07-28T08:00:46","date_gmt":"2023-07-28T08:00:46","guid":{"rendered":"https:\/\/wiprocci.com\/vietnam\/?page_id=2890"},"modified":"2025-07-14T11:23:04","modified_gmt":"2025-07-14T11:23:04","slug":"news-and-events","status":"publish","type":"page","link":"https:\/\/wiprocci.com\/vietnam\/news-and-events\/","title":{"rendered":"Tin t\u1ee9c v\u00e0 S\u1ef1 ki\u1ec7n"},"content":{"rendered":"<p><img decoding=\"async\" src=\"https:\/\/wiprocci.com\/vietnam-en\/wp-content\/uploads\/2023\/07\/Manufacturing-Facilities.jpg\"><\/p>\n<section id=\"\" class=\"site-sub-content\">\n<div class=\"entry-content\">\n<div class=\"company-history\">\n<div class=\"content-wrapper\">\n<div class=\"content\">\n<h1>Tin t\u1ee9c v\u00e0 S\u1ef1 ki\u1ec7n<\/h1>\n<p><span style=\"font-weight: 400;\">Ch\u00fang t\u00f4i vui m\u1eebng th\u00f4ng b\u00e1o r\u1eb1ng Wipro Consumer Care &amp; Lighting, th\u00e0nh vi\u00ean c\u1ee7a t\u1eadp \u0111o\u00e0n Wipro Enterprises, m\u1ed9t trong nh\u1eefng c\u00f4ng ty FMCG ph\u00e1t tri\u1ec3n nhanh nh\u1ea5t \u0111\u01b0\u1ee3c t\u00e1ch ra kh\u1ecfi ho\u1ea1t \u0111\u1ed9ng kinh doanh c\u00f4ng ngh\u1ec7 c\u1ee7a Wipro ch\u01b0a \u0111\u1ea7y m\u1ed9t th\u1eadp k\u1ef7 tr\u01b0\u1edbc, \u0111\u00e3 v\u01b0\u1ee3t qua c\u1ed9t m\u1ed1c doanh thu h\u00e0ng n\u0103m l\u00e0 10.000 crore (100 t\u1ef7 Rupee \u1ea4n \u0110\u1ed9) trong n\u0103m t\u00e0i ch\u00ednh 2022\u20132023.<\/span><\/p>\n<p><span style=\"font-weight: 400;\">Th\u00e0nh t\u1ef1u n\u00e0y kh\u00f4ng ch\u1ec9 l\u00e0 k\u1ebft qu\u1ea3 c\u1ee7a s\u1ef1 c\u1ed1ng hi\u1ebfn v\u00e0 n\u1ed7 l\u1ef1c b\u1ec1n b\u1ec9 c\u1ee7a to\u00e0n th\u1ec3 \u0111\u1ed9i ng\u0169 Wipro m\u00e0 c\u00f2n l\u00e0 k\u1ebft qu\u1ea3 c\u1ee7a nh\u1eefng chi\u1ebfn l\u01b0\u1ee3c kinh doanh hi\u1ec7u qu\u1ea3 v\u00e0 kh\u1ea3 n\u0103ng qu\u1ea3n l\u00fd xu\u1ea5t s\u1eafc.<\/span><\/p>\n<p><span style=\"font-weight: 400;\">Nh\u00e2n d\u1ecbp n\u00e0y, ch\u00fang t\u00f4i vui m\u1eebng gi\u1edbi thi\u1ec7u \u201cC\u00e2u L\u1ea1c B\u1ed9 10K\u201d, m\u1ed9t c\u00e2u l\u1ea1c b\u1ed9 \u0111\u1eb7c bi\u1ec7t d\u00e0nh cho nh\u1eefng nh\u00e2n vi\u00ean xu\u1ea5t s\u1eafc \u0111\u00e3 g\u00f3p ph\u1ea7n quan tr\u1ecdng v\u00e0o vi\u1ec7c l\u1eadp \u0111\u01b0\u1ee3c k\u1ef7 l\u1ee5c n\u00e0y. C\u00e2u L\u1ea1c B\u1ed9 10K l\u00e0 n\u01a1i ch\u00fang ta chia s\u1ebb, giao l\u01b0u v\u00e0 t\u1ea1o n\u00ean nh\u1eefng k\u1ef7 ni\u1ec7m \u0111\u00e1ng nh\u1edb b\u00ean c\u1ea1nh vi\u1ec7c t\u00f4n vinh nh\u1eefng \u0111\u00f3ng g\u00f3p \u0111\u1eb7c bi\u1ec7t c\u1ee7a m\u1ed7i th\u00e0nh vi\u00ean.<\/span><\/p>\n<h1>GI\u1ea4Y PH\u00c9P M\u00d4I TR\u01af\u1edcNG<\/h1>\n<p><span style=\"font-weight: 400;\">C\u0103n c\u1ee9 Lu\u1eadt B\u1ea3o v\u1ec7 m\u00f4i tr\u01b0\u1eddng ng\u00e0y 17 th\u00e1ng 11 n\u0103m 2020;<\/span><\/p>\n<p><span style=\"font-weight: 400;\">C\u0103n c\u1ee9 Ngh\u1ecb \u0111\u1ecbnh s\u1ed1 08\/2022\/N\u0110-CP ng\u00e0y 10 th\u00e1ng 01 n\u0103m 2022 c\u1ee7a Ch\u00ednh ph\u1ee7 quy \u0111\u1ecbnh chi ti\u1ebft m\u1ed9t s\u1ed1 \u0111i\u1ec1u c\u1ee7a Lu\u1eadt B\u1ea3o v\u1ec7 m\u00f4i tr\u01b0\u1eddng;<\/span><\/p>\n<p><span style=\"font-weight: 400;\">C\u0103n c\u1ee9 Th\u00f4ng t\u01b0 s\u1ed1 02\/2022\/TT-BTNMT ng\u00e0y 10 th\u00e1ng 01 n\u0103m 2022 c\u1ee7a B\u1ed9 tr\u01b0\u1edfng B\u1ed9 T\u00e0i nguy\u00ean v\u00e0 M\u00f4i tr\u01b0\u1eddng quy \u0111\u1ecbnh chi ti\u1ebft thi h\u00e0nh m\u1ed9t s\u1ed1 \u0111i\u1ec1u c\u1ee7a Lu\u1eadt B\u1ea3o v\u1ec7 m\u00f4i tr\u01b0\u1eddng;<\/span><\/p>\n<p><span style=\"font-weight: 400;\">C\u0103n c\u1ee9 Quy\u1ebft \u0111\u1ecbnh s\u1ed1 08\/2023\/Q\u0110-UBND ng\u00e0y 30 th\u00e1ng 3 n\u0103m 2023 c\u1ee7a \u1ee6y ban nh\u00e2n d\u00e2n t\u1ec9nh B\u00ecnh D\u01b0\u01a1ng ban h\u00e0nh Quy \u0111\u1ecbnh ch\u1ee9c n\u0103ng, nhi\u1ec7m v\u1ee5, quy\u1ec1n h\u1ea1n v\u00e0 c\u01a1 c\u1ea5u t\u1ed5 ch\u1ee9c c\u1ee7a Ban Qu\u1ea3n l\u00fd c\u00e1c Khu c\u00f4ng nghi\u1ec7p B\u00ecnh&nbsp;D\u01b0\u01a1ng:<\/span><\/p>\n<p><span style=\"font-weight: 400;\"><a href=\"https:\/\/wiprocci.com\/vietnam\/wp-content\/uploads\/2025\/07\/GIAY-PHEP-MOI-TRUONG.pdf\" target=\"_blank\" class=\"button_pdf\" rel=\"noopener\">Xem th\u00eam<\/a><\/span><\/p>\n<\/div>\n<\/div>\n<\/div>\n<\/div>\n<\/section>\n","protected":false},"excerpt":{"rendered":"<p>Tin t\u1ee9c v\u00e0 S\u1ef1 ki\u1ec7n Ch\u00fang t\u00f4i vui m\u1eebng th\u00f4ng b\u00e1o r\u1eb1ng Wipro Consumer Care &amp; Lighting, th\u00e0nh vi\u00ean c\u1ee7a t\u1eadp \u0111o\u00e0n Wipro Enterprises, m\u1ed9t trong nh\u1eefng c\u00f4ng ty FMCG ph\u00e1t tri\u1ec3n nhanh nh\u1ea5t \u0111\u01b0\u1ee3c t\u00e1ch ra kh\u1ecfi ho\u1ea1t \u0111\u1ed9ng kinh doanh c\u00f4ng ngh\u1ec7 c\u1ee7a Wipro ch\u01b0a \u0111\u1ea7y m\u1ed9t th\u1eadp k\u1ef7 tr\u01b0\u1edbc, \u0111\u00e3 v\u01b0\u1ee3t qua [&hellip;]<\/p>\n","protected":false},"author":2,"featured_media":0,"parent":0,"menu_order":0,"comment_status":"closed","ping_status":"closed","template":"","meta":[],"acf":[],"_links":{"self":[{"href":"https:\/\/wiprocci.com\/vietnam\/wp-json\/wp\/v2\/pages\/2890"}],"collection":[{"href":"https:\/\/wiprocci.com\/vietnam\/wp-json\/wp\/v2\/pages"}],"about":[{"href":"https:\/\/wiprocci.com\/vietnam\/wp-json\/wp\/v2\/types\/page"}],"author":[{"embeddable":true,"href":"https:\/\/wiprocci.com\/vietnam\/wp-json\/wp\/v2\/users\/2"}],"replies":[{"embeddable":true,"href":"https:\/\/wiprocci.com\/vietnam\/wp-json\/wp\/v2\/comments?post=2890"}],"version-history":[{"count":14,"href":"https:\/\/wiprocci.com\/vietnam\/wp-json\/wp\/v2\/pages\/2890\/revisions"}],"predecessor-version":[{"id":3169,"href":"https:\/\/wiprocci.com\/vietnam\/wp-json\/wp\/v2\/pages\/2890\/revisions\/3169"}],"wp:attachment":[{"href":"https:\/\/wiprocci.com\/vietnam\/wp-json\/wp\/v2\/media?parent=2890"}],"curies":[{"name":"wp","href":"https:\/\/api.w.org\/{rel}","templated":true}]}}