{"id":2829,"date":"2023-07-11T08:30:12","date_gmt":"2023-07-11T08:30:12","guid":{"rendered":"https:\/\/wiprocci.com\/vietnam\/?page_id=2829"},"modified":"2024-01-22T11:38:09","modified_gmt":"2024-01-22T11:38:09","slug":"bio-essence","status":"publish","type":"page","link":"https:\/\/wiprocci.com\/vietnam\/our-brands\/bio-essence\/","title":{"rendered":"Bio-essence"},"content":{"rendered":"<section id=\"primary\" class=\"site-content\">\n<div id=\"content\" role=\"main\">\n<div class=\"featured-img\" style=\"margin-bottom: 25px;\"><img decoding=\"async\" src=\"https:\/\/wiprocci.com\/vietnam\/wp-content\/uploads\/2023\/08\/BIO-1000x430-1.png\" \/><\/p>\n<div class=\"social-media-wrapper\">\n<p class=\"social-hand-text\">To visit our brand website or follow us on social media click here<\/p>\n<p class=\"hand-icon\">\n<p class=\"links-brands-block\"><a class=\"brand-link social\" href=\"https:\/\/bioessence.com.vn\/\" target=\"_blank\" rel=\"noopener\">website<\/a><a class=\"facebook_page social\" href=\"https:\/\/www.facebook.com\/bioessence.vietnam\" target=\"_blank\" rel=\"noopener\">Facebook<\/a><\/p>\n<\/div>\n<\/div>\n<\/div>\n<p><!-- #content --><\/p>\n<\/section>\n<section id=\"\" class=\"site-sub-content\">\n<div class=\"entry-content\">\n<div class=\"company-history\">\n<div class=\"content-wrapper\">\n<div class=\"content\">\n<h1>Bio-essence<\/h1>\n<p><span style=\"font-weight: 400;\">Bio-essence l\u00e0 th\u01b0\u01a1ng hi\u1ec7u ch\u0103m s\u00f3c da h\u00e0ng \u0111\u1ea7u c\u1ee7a ch\u00e2u \u00c1 v\u1edbi l\u1ecbch s\u1eed phong ph\u00fa v\u00e0 tri\u1ebft l\u00fd t\u1ef1 h\u00e0o, d\u1ef1a tr\u00ean s\u1ef1 hi\u1ec3u bi\u1ebft ch\u00e2n th\u1ef1c v\u1ec1 ph\u1ee5 n\u1eef ch\u00e2u \u00c1 v\u00e0 nhu c\u1ea7u ch\u0103m s\u00f3c da c\u1ee7a h\u1ecd, k\u1ebft h\u1ee3p v\u1edbi cam k\u1ebft lu\u00f4n ph\u00e1t tri\u1ec3n s\u1ea3n ph\u1ea9m d\u1ef1a tr\u00ean c\u01a1 s\u1edf khoa h\u1ecdc.\u00a0<\/span><\/p>\n<p><span style=\"font-weight: 400;\">C\u00f4ng ngh\u1ec7 Bio- Energy Complex\u2122 th\u00fac \u0111\u1ea9y da ho\u1ea1t \u0111\u1ed9ng m\u1ea1nh m\u1ebd, t\u0103ng kh\u1ea3 n\u0103ng t\u1ef1 t\u00e1i t\u1ea1o v\u00e0 ph\u1ee5c h\u1ed3i. Bio-essence tin r\u1eb1ng m\u1ed7i t\u1ebf b\u00e0o ho\u1ea1t \u0111\u1ed9ng t\u00edch c\u1ef1c s\u1ebd gi\u00fap l\u00e0n da th\u1ea9m th\u1ea5u s\u00e2u d\u01b0\u1ee1ng ch\u1ea5t v\u00e0 \u0111\u00f3ng vai tr\u00f2 nh\u01b0 ch\u1ea5t x\u00fac t\u00e1c cho l\u00e0n da m\u00e3i t\u01b0\u01a1i tr\u1ebb.<\/span><\/p>\n<\/div>\n<\/div>\n<\/div>\n<\/div>\n<\/section>\n","protected":false},"excerpt":{"rendered":"<p>To visit our brand website or follow us on social media click here websiteFacebook Bio-essence Bio-essence l\u00e0 th\u01b0\u01a1ng hi\u1ec7u ch\u0103m s\u00f3c da h\u00e0ng \u0111\u1ea7u c\u1ee7a ch\u00e2u \u00c1 v\u1edbi l\u1ecbch s\u1eed phong ph\u00fa v\u00e0 tri\u1ebft l\u00fd t\u1ef1 h\u00e0o, d\u1ef1a tr\u00ean s\u1ef1 hi\u1ec3u bi\u1ebft ch\u00e2n th\u1ef1c v\u1ec1 ph\u1ee5 n\u1eef ch\u00e2u \u00c1 v\u00e0 nhu c\u1ea7u ch\u0103m s\u00f3c da [&hellip;]<\/p>\n","protected":false},"author":2,"featured_media":0,"parent":13,"menu_order":0,"comment_status":"closed","ping_status":"closed","template":"","meta":[],"acf":[],"_links":{"self":[{"href":"https:\/\/wiprocci.com\/vietnam\/wp-json\/wp\/v2\/pages\/2829"}],"collection":[{"href":"https:\/\/wiprocci.com\/vietnam\/wp-json\/wp\/v2\/pages"}],"about":[{"href":"https:\/\/wiprocci.com\/vietnam\/wp-json\/wp\/v2\/types\/page"}],"author":[{"embeddable":true,"href":"https:\/\/wiprocci.com\/vietnam\/wp-json\/wp\/v2\/users\/2"}],"replies":[{"embeddable":true,"href":"https:\/\/wiprocci.com\/vietnam\/wp-json\/wp\/v2\/comments?post=2829"}],"version-history":[{"count":15,"href":"https:\/\/wiprocci.com\/vietnam\/wp-json\/wp\/v2\/pages\/2829\/revisions"}],"predecessor-version":[{"id":3145,"href":"https:\/\/wiprocci.com\/vietnam\/wp-json\/wp\/v2\/pages\/2829\/revisions\/3145"}],"up":[{"embeddable":true,"href":"https:\/\/wiprocci.com\/vietnam\/wp-json\/wp\/v2\/pages\/13"}],"wp:attachment":[{"href":"https:\/\/wiprocci.com\/vietnam\/wp-json\/wp\/v2\/media?parent=2829"}],"curies":[{"name":"wp","href":"https:\/\/api.w.org\/{rel}","templated":true}]}}