{"id":2821,"date":"2023-07-11T08:15:54","date_gmt":"2023-07-11T08:15:54","guid":{"rendered":"https:\/\/wiprocci.com\/vietnam\/?page_id=2821"},"modified":"2025-03-07T05:57:34","modified_gmt":"2025-03-07T05:57:34","slug":"aiken","status":"publish","type":"page","link":"https:\/\/wiprocci.com\/vietnam\/our-brands\/aiken\/","title":{"rendered":"Aiken"},"content":{"rendered":"\n<section id=\"primary\" class=\"site-content\">\n<div id=\"content\" role=\"main\">\n<div class=\"featured-img\" style=\"margin-bottom: 25px;\"><!--<img decoding=\"async\" src=\"https:\/\/wiprocci.com\/vietnam\/wp-content\/uploads\/2023\/08\/Aiken-product-scaled.jpg\" \/>-->\n<img decoding=\"async\" src=\"https:\/\/wiprocci.com\/vietnam\/wp-content\/uploads\/2025\/03\/4.-AIKEN-banner-2025-1000x430px.png\" \/>\n<div class=\"social-media-wrapper\">\n<p class=\"social-hand-text\">To visit our brand website or follow us on social media click here<\/p>\n<p class=\"hand-icon\">\u00a0<\/p>\n<p class=\"links-brands-block\"><a class=\"brand-link social\" href=\"https:\/\/aiken.com.vn\/\" target=\"_blank\" rel=\"noopener\">website<\/a><a class=\"facebook_page social\" href=\"https:\/\/www.facebook.com\/aikenvietnam\" target=\"_blank\" rel=\"noopener\">Facebook<\/a><\/p>\n<\/div>\n<\/div>\n<\/div>\n<p><!-- #content --><\/p>\n<\/section>\n\n\n\n<section id=\"\" class=\"site-sub-content\">\n<div class=\"entry-content\">\n<div class=\"company-history\">\n<div class=\"content-wrapper\">\n<div class=\"content\">\n<h1>AIKEN<\/h1>\n<p>Aiken l\u00e0 th\u01b0\u01a1ng hi\u1ec7u uy t\u00edn thu\u1ed9c t\u1eadp \u0111o\u00e0n Wipro Consumer Care t\u1ea1i Vi\u1ec7t Nam. Aiken cho ra m\u1eaft d\u00f2ng s\u1ea3n ph\u1ea9m s\u1ea1ch khu\u1ea9n t\u1ed1i \u01b0u v\u1edbi th\u00e0nh ph\u1ea7n t\u1eeb thi\u00ean nhi\u00ean, gi\u00fap lo\u1ea1i b\u1ecf vi khu\u1ea9n 99.9%, b\u1ea3o v\u1ec7 s\u1ee9c kh\u1ecfe cho m\u1ed7i th\u00e0nh vi\u00ean trong gia \u0111\u00ecnh.<\/p>\n<p>Aiken l\u00e0 chuy\u00ean gia kh\u00e1ng khu\u1ea9n, b\u1ea3o v\u1ec7 s\u1ee9c kh\u1ecfe to\u00e0n di\u1ec7n cho gia \u0111\u00ecnh b\u1ea1n.<\/p>\n<\/div>\n<\/div>\n<\/div>\n<\/div>\n<\/section>\n","protected":false},"excerpt":{"rendered":"<p>To visit our brand website or follow us on social media click here \u00a0 websiteFacebook AIKEN Aiken l\u00e0 th\u01b0\u01a1ng hi\u1ec7u uy t\u00edn thu\u1ed9c t\u1eadp \u0111o\u00e0n Wipro Consumer Care t\u1ea1i Vi\u1ec7t Nam. Aiken cho ra m\u1eaft d\u00f2ng s\u1ea3n ph\u1ea9m s\u1ea1ch khu\u1ea9n t\u1ed1i \u01b0u v\u1edbi th\u00e0nh ph\u1ea7n t\u1eeb thi\u00ean nhi\u00ean, gi\u00fap lo\u1ea1i b\u1ecf vi khu\u1ea9n 99.9%, b\u1ea3o [&hellip;]<\/p>\n","protected":false},"author":2,"featured_media":0,"parent":13,"menu_order":0,"comment_status":"closed","ping_status":"closed","template":"","meta":[],"acf":[],"_links":{"self":[{"href":"https:\/\/wiprocci.com\/vietnam\/wp-json\/wp\/v2\/pages\/2821"}],"collection":[{"href":"https:\/\/wiprocci.com\/vietnam\/wp-json\/wp\/v2\/pages"}],"about":[{"href":"https:\/\/wiprocci.com\/vietnam\/wp-json\/wp\/v2\/types\/page"}],"author":[{"embeddable":true,"href":"https:\/\/wiprocci.com\/vietnam\/wp-json\/wp\/v2\/users\/2"}],"replies":[{"embeddable":true,"href":"https:\/\/wiprocci.com\/vietnam\/wp-json\/wp\/v2\/comments?post=2821"}],"version-history":[{"count":14,"href":"https:\/\/wiprocci.com\/vietnam\/wp-json\/wp\/v2\/pages\/2821\/revisions"}],"predecessor-version":[{"id":3156,"href":"https:\/\/wiprocci.com\/vietnam\/wp-json\/wp\/v2\/pages\/2821\/revisions\/3156"}],"up":[{"embeddable":true,"href":"https:\/\/wiprocci.com\/vietnam\/wp-json\/wp\/v2\/pages\/13"}],"wp:attachment":[{"href":"https:\/\/wiprocci.com\/vietnam\/wp-json\/wp\/v2\/media?parent=2821"}],"curies":[{"name":"wp","href":"https:\/\/api.w.org\/{rel}","templated":true}]}}