{"id":2809,"date":"2023-07-11T08:03:14","date_gmt":"2023-07-11T08:03:14","guid":{"rendered":"https:\/\/wiprocci.com\/vietnam\/?page_id=2809"},"modified":"2024-01-02T11:41:23","modified_gmt":"2024-01-02T11:41:23","slug":"gervenne","status":"publish","type":"page","link":"https:\/\/wiprocci.com\/vietnam\/our-brands\/gervenne\/","title":{"rendered":"Gervenne"},"content":{"rendered":"<section id=\"primary\" class=\"site-content\">\n<div id=\"content\" role=\"main\">\n<div class=\"featured-img\" style=\"margin-bottom: 25px;\">\n<p><img decoding=\"async\" src=\"https:\/\/wiprocci.com\/vietnam\/wp-content\/uploads\/2023\/07\/GERVENNE_Product-KV-HOR-_-1000-x-430.jpg\" \/><\/p>\n<div class=\"social-media-wrapper\">\n<p class=\"social-hand-text\">To visit our brand website or follow us on social media click here<\/p>\n<p class=\"links-brands-block\"><a class=\"brand-link social\" href=\"https:\/\/gervenne.vn\/\" target=\"_blank\" rel=\"noopener\">website<\/a><a class=\"facebook_page social\" href=\"https:\/\/www.facebook.com\/gervennevietnam\" target=\"_blank\" rel=\"noopener\">Facebook<\/a><\/p>\n<\/div>\n<\/div>\n<\/div>\n<p><!-- #content --><\/p>\n<\/section>\n<section id=\"\" class=\"site-sub-content\">\n<div class=\"entry-content\">\n<div class=\"company-history\">\n<div class=\"content-wrapper\">\n<div class=\"content\">\n<h1>Gervenne<\/h1>\n<p><span style=\"font-weight: 400;\">S\u1eefa t\u1eafm tr\u1eafng da h\u01b0\u01a1ng n\u01b0\u1edbc hoa Gervenne m\u1edbi v\u1edbi c\u00f4ng ngh\u1ec7 d\u01b0\u1ee1ng tr\u1eafng iWhite \u2013 Boosting v\u00e0 chi\u1ebft xu\u1ea5t thi\u00ean nhi\u00ean t\u1eeb tr\u00e1i c\u00e2y gi\u00fap da tr\u1eafng m\u1ecbn r\u1ea1ng ng\u1eddi, h\u1ed7 tr\u1ee3 l\u00e0m d\u1ecbu da v\u00e0 ch\u1ed1ng oxy h\u00f3a. \u0110\u1ed3ng th\u1eddi, tinh ch\u1ea5t h\u01b0\u01a1ng hoa s\u1ebd mang l\u1ea1i h\u01b0\u01a1ng th\u01a1m t\u01b0\u01a1i m\u00e1t v\u00e0 l\u01b0u gi\u1eef h\u01b0\u01a1ng tr\u00ean da d\u00e0i l\u00e2u.<\/span><\/p>\n<p><span style=\"font-weight: 400;\">Ba l\u1ef1a ch\u1ecdn h\u01b0\u01a1ng th\u01a1m h\u00f2a quy\u1ec7n tinh t\u1ebf t\u1eeb c\u00e1c d\u01b0\u1ee1ng ch\u1ea5t thi\u00ean nhi\u00ean: D\u00e2u t\u00e2y B\u1ea1ch tuy\u1ebft v\u00e0 Lily h\u1ed3ng; Kiwi v\u00e0 B\u1ea1ch tr\u00e0; Vi\u1ec7t qu\u1ea5t v\u00e0 Lan Nam Phi.<\/span><\/p>\n<p><span style=\"font-weight: 400;\">Tr\u1ecdn b\u1ed9 s\u1ea3n ph\u1ea9m Gervenne g\u1ed3m s\u1eefa t\u1eafm, x\u00e0 b\u00f4ng t\u1eafm v\u00e0 l\u0103n kh\u1eed m\u00f9i gi\u00fap ch\u0103m s\u00f3c l\u00e0n da tr\u1eafng m\u1ecbn, l\u01b0u h\u01b0\u01a1ng.<\/span><\/p>\n<\/div>\n<\/div>\n<\/div>\n<\/div>\n<\/section>\n","protected":false},"excerpt":{"rendered":"<p>To visit our brand website or follow us on social media click here websiteFacebook Gervenne S\u1eefa t\u1eafm tr\u1eafng da h\u01b0\u01a1ng n\u01b0\u1edbc hoa Gervenne m\u1edbi v\u1edbi c\u00f4ng ngh\u1ec7 d\u01b0\u1ee1ng tr\u1eafng iWhite \u2013 Boosting v\u00e0 chi\u1ebft xu\u1ea5t thi\u00ean nhi\u00ean t\u1eeb tr\u00e1i c\u00e2y gi\u00fap da tr\u1eafng m\u1ecbn r\u1ea1ng ng\u1eddi, h\u1ed7 tr\u1ee3 l\u00e0m d\u1ecbu da v\u00e0 ch\u1ed1ng oxy h\u00f3a. [&hellip;]<\/p>\n","protected":false},"author":2,"featured_media":0,"parent":13,"menu_order":0,"comment_status":"closed","ping_status":"closed","template":"","meta":[],"acf":[],"_links":{"self":[{"href":"https:\/\/wiprocci.com\/vietnam\/wp-json\/wp\/v2\/pages\/2809"}],"collection":[{"href":"https:\/\/wiprocci.com\/vietnam\/wp-json\/wp\/v2\/pages"}],"about":[{"href":"https:\/\/wiprocci.com\/vietnam\/wp-json\/wp\/v2\/types\/page"}],"author":[{"embeddable":true,"href":"https:\/\/wiprocci.com\/vietnam\/wp-json\/wp\/v2\/users\/2"}],"replies":[{"embeddable":true,"href":"https:\/\/wiprocci.com\/vietnam\/wp-json\/wp\/v2\/comments?post=2809"}],"version-history":[{"count":9,"href":"https:\/\/wiprocci.com\/vietnam\/wp-json\/wp\/v2\/pages\/2809\/revisions"}],"predecessor-version":[{"id":3127,"href":"https:\/\/wiprocci.com\/vietnam\/wp-json\/wp\/v2\/pages\/2809\/revisions\/3127"}],"up":[{"embeddable":true,"href":"https:\/\/wiprocci.com\/vietnam\/wp-json\/wp\/v2\/pages\/13"}],"wp:attachment":[{"href":"https:\/\/wiprocci.com\/vietnam\/wp-json\/wp\/v2\/media?parent=2809"}],"curies":[{"name":"wp","href":"https:\/\/api.w.org\/{rel}","templated":true}]}}