{"id":2802,"date":"2023-07-10T12:25:17","date_gmt":"2023-07-10T12:25:17","guid":{"rendered":"https:\/\/wiprocci.com\/vietnam\/?page_id=2802"},"modified":"2023-12-21T06:31:19","modified_gmt":"2023-12-21T06:31:19","slug":"maxkleen","status":"publish","type":"page","link":"https:\/\/wiprocci.com\/vietnam\/our-brands\/maxkleen\/","title":{"rendered":"MaxKleen"},"content":{"rendered":"<section id=\"primary\" class=\"site-content\">\n<div id=\"content\" role=\"main\">\n<div class=\"featured-img\" style=\"margin-bottom: 25px;\"><img decoding=\"async\" src=\"https:\/\/wiprocci.com\/vietnam\/wp-content\/uploads\/2023\/07\/max-kleen-banner-new.jpg\" \/><\/p>\n<div class=\"social-media-wrapper\">\n<p class=\"social-hand-text\">To visit our brand website or follow us on social media click here<\/p>\n<p class=\"hand-icon\">\n<p class=\"links-brands-block\"><a class=\"brand-link social\" href=\"https:\/\/maxkleen.vn\/\" target=\"_blank\" rel=\"noopener\">website<\/a><a class=\"facebook_page social\" href=\"https:\/\/www.facebook.com\/MaxKleenVietnam\" target=\"_blank\" rel=\"noopener\">Facebook<\/a><\/p>\n<\/div>\n<\/div>\n<\/div>\n<p><!-- #content --><\/p>\n<\/section>\n<section id=\"\" class=\"site-sub-content\">\n<div class=\"entry-content\">\n<div class=\"company-history\">\n<div class=\"content-wrapper\">\n<div class=\"content\">\n<h1>MaxKleen<\/h1>\n<p><span style=\"font-weight: 400;\">L\u00e0 s\u1ea3n ph\u1ea9m N\u01b0\u1edbc Gi\u1eb7t X\u1ea3 k\u1ebft h\u1ee3p 2 trong 1, MaxKleen chinh ph\u1ee5c ng\u01b0\u1eddi d\u00f9ng v\u1edbi c\u00f4ng ngh\u1ec7 Ultra K\u00e9p \u0111\u1ed9t ph\u00e1, k\u1ebft h\u1ee3p 2 s\u1ee9c m\u1ea1nh gi\u1eb7t m\u1ea1nh m\u1ebd v\u00e0 x\u1ea3 d\u1ecbu \u00eam trong c\u00f9ng m\u1ed9t n\u1eafp gi\u1eb7t, gi\u00fap m\u1ea1nh m\u1ebd \u0111\u00e1nh bay v\u1ebft b\u1ea9n, lo\u1ea1i b\u1ecf 99,9% vi khu\u1ea9n m\u00e0 v\u1eabn l\u01b0u gi\u1eef s\u1ef1 m\u1ec1m m\u1ea1i v\u00e0 h\u01b0\u01a1ng th\u01a1m d\u00e0i l\u00e2u tr\u00ean \u00e1o qu\u1ea7n.\u00a0<\/span><\/p>\n<p><span style=\"font-weight: 400;\">MaxKleen &#8211; M\u1ea1nh m\u1ebd v\u00e0 D\u1ecbu \u00eam,\u00a0nh\u01b0\u00a0ch\u00ednh\u00a0M\u1eb9!<\/span><\/p>\n<\/div>\n<\/div>\n<\/div>\n<\/div>\n<\/section>\n","protected":false},"excerpt":{"rendered":"<p>To visit our brand website or follow us on social media click here websiteFacebook MaxKleen L\u00e0 s\u1ea3n ph\u1ea9m N\u01b0\u1edbc Gi\u1eb7t X\u1ea3 k\u1ebft h\u1ee3p 2 trong 1, MaxKleen chinh ph\u1ee5c ng\u01b0\u1eddi d\u00f9ng v\u1edbi c\u00f4ng ngh\u1ec7 Ultra K\u00e9p \u0111\u1ed9t ph\u00e1, k\u1ebft h\u1ee3p 2 s\u1ee9c m\u1ea1nh gi\u1eb7t m\u1ea1nh m\u1ebd v\u00e0 x\u1ea3 d\u1ecbu \u00eam trong c\u00f9ng m\u1ed9t n\u1eafp gi\u1eb7t, [&hellip;]<\/p>\n","protected":false},"author":2,"featured_media":0,"parent":13,"menu_order":0,"comment_status":"closed","ping_status":"closed","template":"","meta":[],"acf":[],"_links":{"self":[{"href":"https:\/\/wiprocci.com\/vietnam\/wp-json\/wp\/v2\/pages\/2802"}],"collection":[{"href":"https:\/\/wiprocci.com\/vietnam\/wp-json\/wp\/v2\/pages"}],"about":[{"href":"https:\/\/wiprocci.com\/vietnam\/wp-json\/wp\/v2\/types\/page"}],"author":[{"embeddable":true,"href":"https:\/\/wiprocci.com\/vietnam\/wp-json\/wp\/v2\/users\/2"}],"replies":[{"embeddable":true,"href":"https:\/\/wiprocci.com\/vietnam\/wp-json\/wp\/v2\/comments?post=2802"}],"version-history":[{"count":5,"href":"https:\/\/wiprocci.com\/vietnam\/wp-json\/wp\/v2\/pages\/2802\/revisions"}],"predecessor-version":[{"id":3090,"href":"https:\/\/wiprocci.com\/vietnam\/wp-json\/wp\/v2\/pages\/2802\/revisions\/3090"}],"up":[{"embeddable":true,"href":"https:\/\/wiprocci.com\/vietnam\/wp-json\/wp\/v2\/pages\/13"}],"wp:attachment":[{"href":"https:\/\/wiprocci.com\/vietnam\/wp-json\/wp\/v2\/media?parent=2802"}],"curies":[{"name":"wp","href":"https:\/\/api.w.org\/{rel}","templated":true}]}}