{"id":2796,"date":"2023-07-10T12:07:23","date_gmt":"2023-07-10T12:07:23","guid":{"rendered":"https:\/\/wiprocci.com\/vietnam\/?page_id=2796"},"modified":"2025-03-07T05:55:57","modified_gmt":"2025-03-07T05:55:57","slug":"romano","status":"publish","type":"page","link":"https:\/\/wiprocci.com\/vietnam\/our-brands\/romano\/","title":{"rendered":"Romano"},"content":{"rendered":"<section id=\"primary\" class=\"site-content\">\n<div id=\"content\" role=\"main\">\n<div class=\"featured-img\" style=\"margin-bottom: 25px;\">\n<img decoding=\"async\" src=\"https:\/\/wiprocci.com\/vietnam\/wp-content\/uploads\/2025\/03\/3.-Romano-banner-2025-1000x430-1.jpg\"><br \/>\n<!--<img decoding=\"async\" src=\"https:\/\/wiprocci.com\/vietnam\/wp-content\/uploads\/2023\/07\/ROMANO-BANNER-1000x430-1.png\">--><\/p>\n<div class=\"social-media-wrapper\">\n<p class=\"social-hand-text\">To visit our brand website or follow us on social media click here<\/p>\n<p class=\"links-brands-block\"><a class=\"brand-link social\" href=\"https:\/\/romano.vn\/\" target=\"_blank\" rel=\"noopener\">website<\/a><a class=\"facebook_page social\" href=\"https:\/\/www.facebook.com\/VN.Romano\" target=\"_blank\" rel=\"noopener\">Facebook<\/a><\/p>\n<p><!--  <a href=\"https:\/\/www.instagram.com\/bioessence_sg\/\" class=\"insta_page social\" target=\"_blank\" rel=\"noopener\">instagram<\/a> --><\/p>\n<\/div>\n<\/div>\n<\/div>\n<p><!-- #content --><\/p>\n<\/section>\n<section id=\"\" class=\"site-sub-content\">\n<div class=\"entry-content\">\n<div class=\"company-history\">\n<div class=\"content-wrapper\">\n<div class=\"content\">\n<h1>Romano<\/h1>\n<p><span style=\"font-weight: 400;\">Romano l\u00e0 th\u01b0\u01a1ng hi\u1ec7u ti\u00ean phong trong th\u1ecb tr\u01b0\u1eddng ch\u0103m s\u00f3c nam gi\u1edbi t\u1eeb n\u0103m 1988, mang \u0111\u1ebfn h\u01b0\u01a1ng n\u01b0\u1edbc hoa \u00dd cao c\u1ea5p, l\u1ecbch l\u00e3m qua \u0111a d\u1ea1ng d\u00f2ng s\u1ea3n ph\u1ea9m: n\u01b0\u1edbc hoa, d\u1ea7u g\u1ed9i, s\u1eefa t\u1eafm, kh\u1eed m\u00f9i, t\u1ea1o ki\u1ec3u t\u00f3c.&nbsp;<\/span><\/p>\n<p><span style=\"font-weight: 400;\">Romano t\u1ea1o ngu\u1ed3n c\u1ea3m h\u1ee9ng cho ng\u01b0\u1eddi \u0111\u00e0n \u00f4ng v\u01b0\u1ee3t qua m\u1ecdi th\u1eed th\u00e1ch, gi\u1edbi h\u1ea1n \u0111\u1ec3 th\u1ec3 hi\u1ec7n b\u1ea3n th\u00e2n tr\u00ean con \u0111\u01b0\u1eddng chinh ph\u1ee5c th\u00e0nh c\u00f4ng.&nbsp;<\/span><\/p>\n<p><span style=\"font-weight: 400;\">Romano \u2013 H\u01b0\u01a1ng th\u00e0nh c\u00f4ng, ch\u1ea5t \u0111\u00e0n \u00f4ng!<\/span><\/p>\n<\/div>\n<\/div>\n<\/div>\n<\/div>\n<\/section>\n","protected":false},"excerpt":{"rendered":"<p>To visit our brand website or follow us on social media click here websiteFacebook Romano Romano l\u00e0 th\u01b0\u01a1ng hi\u1ec7u ti\u00ean phong trong th\u1ecb tr\u01b0\u1eddng ch\u0103m s\u00f3c nam gi\u1edbi t\u1eeb n\u0103m 1988, mang \u0111\u1ebfn h\u01b0\u01a1ng n\u01b0\u1edbc hoa \u00dd cao c\u1ea5p, l\u1ecbch l\u00e3m qua \u0111a d\u1ea1ng d\u00f2ng s\u1ea3n ph\u1ea9m: n\u01b0\u1edbc hoa, d\u1ea7u g\u1ed9i, s\u1eefa t\u1eafm, kh\u1eed m\u00f9i, [&hellip;]<\/p>\n","protected":false},"author":2,"featured_media":0,"parent":13,"menu_order":0,"comment_status":"closed","ping_status":"closed","template":"","meta":[],"acf":[],"_links":{"self":[{"href":"https:\/\/wiprocci.com\/vietnam\/wp-json\/wp\/v2\/pages\/2796"}],"collection":[{"href":"https:\/\/wiprocci.com\/vietnam\/wp-json\/wp\/v2\/pages"}],"about":[{"href":"https:\/\/wiprocci.com\/vietnam\/wp-json\/wp\/v2\/types\/page"}],"author":[{"embeddable":true,"href":"https:\/\/wiprocci.com\/vietnam\/wp-json\/wp\/v2\/users\/2"}],"replies":[{"embeddable":true,"href":"https:\/\/wiprocci.com\/vietnam\/wp-json\/wp\/v2\/comments?post=2796"}],"version-history":[{"count":9,"href":"https:\/\/wiprocci.com\/vietnam\/wp-json\/wp\/v2\/pages\/2796\/revisions"}],"predecessor-version":[{"id":3154,"href":"https:\/\/wiprocci.com\/vietnam\/wp-json\/wp\/v2\/pages\/2796\/revisions\/3154"}],"up":[{"embeddable":true,"href":"https:\/\/wiprocci.com\/vietnam\/wp-json\/wp\/v2\/pages\/13"}],"wp:attachment":[{"href":"https:\/\/wiprocci.com\/vietnam\/wp-json\/wp\/v2\/media?parent=2796"}],"curies":[{"name":"wp","href":"https:\/\/api.w.org\/{rel}","templated":true}]}}