{"id":2788,"date":"2023-07-10T09:57:02","date_gmt":"2023-07-10T09:57:02","guid":{"rendered":"https:\/\/wiprocci.com\/vietnam\/?page_id=2788"},"modified":"2025-03-07T05:53:52","modified_gmt":"2025-03-07T05:53:52","slug":"enchanteur","status":"publish","type":"page","link":"https:\/\/wiprocci.com\/vietnam\/our-brands\/enchanteur\/","title":{"rendered":"ENCHANTEUR"},"content":{"rendered":"<section id=\"primary\" class=\"site-content\">\n<div id=\"content\" role=\"main\">\n<div class=\"featured-img\" style=\"margin-bottom: 25px;\"><!--<img decoding=\"async\" src=\"https:\/\/wiprocci.com\/vietnam\/wp-content\/uploads\/2023\/07\/Brand-banner-HR-1000x430-1.jpg\">--><img decoding=\"async\" src=\"https:\/\/wiprocci.com\/vietnam\/wp-content\/uploads\/2025\/03\/2.-Enchanteur-banner-2025-1000x430-1.jpg\"><\/p>\n<div class=\"social-media-wrapper\">\n<p class=\"social-hand-text\">To visit our brand website or follow us on social media click here<\/p>\n<p class=\"hand-icon\">\n<p class=\"links-brands-block\"><a class=\"brand-link social\" href=\"https:\/\/enchanteur.com.vn\/\" target=\"_blank\" rel=\"noopener\">website<\/a><a class=\"facebook_page social\" href=\"https:\/\/www.facebook.com\/EnchanteurVietnam\" target=\"_blank\" rel=\"noopener\">Facebook<\/a><\/p>\n<p><!-- <a href=\"https:\/\/www.instagram.com\/bioessence_sg\/\" class=\"insta_page social\" target=\"_blank\" rel=\"noopener\">instagram<\/a> --><\/p>\n<\/div>\n<\/div>\n<\/div>\n<p><!-- #content --><\/p>\n<\/section>\n<section id=\"\" class=\"site-sub-content\">\n<div class=\"entry-content\">\n<div class=\"company-history\">\n<div class=\"content-wrapper\">\n<div class=\"content\">\n<h1>Enchanteur<\/h1>\n<p><span style=\"font-weight: 400;\">C\u00e2u chuy\u1ec7n c\u1ee7a Enchanteur Vi\u1ec7t Nam b\u1eaft \u0111\u1ea7u t\u1eeb h\u01a1n 27 n\u0103m tr\u01b0\u1edbc, kh\u1edfi ngu\u1ed3n t\u1eeb h\u01b0\u01a1ng th\u01a1m tinh t\u1ebf l\u00e3ng m\u1ea1n v\u00e0 thanh l\u1ecbch c\u1ee7a ng\u01b0\u1eddi ph\u1ee5 n\u1eef Paris. D\u00f2ng s\u1ea3n ph\u1ea9m Enchanteur l\u00e0 s\u1ef1 k\u1ebft h\u1ee3p gi\u1eefa h\u01b0\u01a1ng n\u01b0\u1edbc hoa Ph\u00e1p \u0111\u1eb7c tr\u01b0ng c\u00f9ng v\u1ebb ngo\u00e0i tinh t\u1ebf \u0111\u00e3 t\u1ea1o n\u00ean \u0111i\u1ec3m kh\u00e1c bi\u1ec7t. Enchanteur \u0111\u1ed3ng h\u00e0nh c\u00f9ng b\u1ea1n n\u1eef tr\u1ebb t\u00ecm ki\u1ebfm s\u1ef1 l\u00e3ng m\u1ea1n trong cu\u1ed9c s\u1ed1ng, mang l\u1ea1i nh\u1eefng c\u1ea3m x\u00fac th\u0103ng hoa nh\u1edd h\u01b0\u01a1ng n\u01b0\u1edbc hoa Ph\u00e1p l\u00f4i cu\u1ed1n.<\/span><\/p>\n<p><span style=\"font-weight: 400;\">V\u1edbi gi\u1ea5c m\u01a1 n\u00e0y, Enchanteur \u0111\u00e3 t\u1ea1o ra b\u1ed9 s\u01b0u t\u1eadp n\u01b0\u1edbc hoa b\u1eb1ng c\u00e1c k\u1ef9 thu\u1eadt c\u1ed5 \u0111i\u1ec3n c\u1ee7a Ph\u00e1p. Ch\u00fang t\u00f4i \u0111\u01b0\u1ee3c truy\u1ec1n c\u1ea3m h\u1ee9ng t\u1eeb nh\u1eefng h\u01b0\u01a1ng hoa v\u01b0\u1ee3t qua th\u1eddi gian nh\u01b0 Hoa h\u1ed3ng Bulgaria, Hoa Passionfruit, Hoa nh\u00e0i tr\u1eafng, Lilies, Hoa hu\u1ec7. Nh\u1edd v\u1eady, h\u01b0\u01a1ng n\u01b0\u1edbc hoa huy\u1ec1n tho\u1ea1i c\u1ee7a ch\u00fang t\u00f4i \u0111\u00e3 \u0111\u01b0\u1ee3c ra \u0111\u1eddi.<\/span><\/p>\n<p><span style=\"font-weight: 400;\">H\u00e3y b\u01b0\u1edbc v\u00e0o th\u1ebf gi\u1edbi c\u1ee7a Enchanteur v\u00e0 kh\u00e1m ph\u00e1 n\u01b0\u1edbc hoa c\u1ee7a ch\u00fang t\u00f4i &#8211; tinh t\u1ebf, m\u1edbi m\u1ebb, l\u01b0u h\u01b0\u01a1ng&nbsp;l\u00e2u&nbsp;v\u00e0&nbsp;n\u1eef&nbsp;t\u00ednh.<\/span><\/p>\n<p><span style=\"font-weight: 400;\">Enchanteur \u2013 S\u1ef1 l\u00f4i cu\u1ed1n k\u1ef3 di\u1ec7u!<\/span><\/p>\n<\/div>\n<\/div>\n<\/div>\n<\/div>\n<\/section>\n","protected":false},"excerpt":{"rendered":"<p>To visit our brand website or follow us on social media click here websiteFacebook Enchanteur C\u00e2u chuy\u1ec7n c\u1ee7a Enchanteur Vi\u1ec7t Nam b\u1eaft \u0111\u1ea7u t\u1eeb h\u01a1n 27 n\u0103m tr\u01b0\u1edbc, kh\u1edfi ngu\u1ed3n t\u1eeb h\u01b0\u01a1ng th\u01a1m tinh t\u1ebf l\u00e3ng m\u1ea1n v\u00e0 thanh l\u1ecbch c\u1ee7a ng\u01b0\u1eddi ph\u1ee5 n\u1eef Paris. D\u00f2ng s\u1ea3n ph\u1ea9m Enchanteur l\u00e0 s\u1ef1 k\u1ebft h\u1ee3p gi\u1eefa h\u01b0\u01a1ng [&hellip;]<\/p>\n","protected":false},"author":2,"featured_media":0,"parent":13,"menu_order":0,"comment_status":"closed","ping_status":"closed","template":"","meta":[],"acf":[],"_links":{"self":[{"href":"https:\/\/wiprocci.com\/vietnam\/wp-json\/wp\/v2\/pages\/2788"}],"collection":[{"href":"https:\/\/wiprocci.com\/vietnam\/wp-json\/wp\/v2\/pages"}],"about":[{"href":"https:\/\/wiprocci.com\/vietnam\/wp-json\/wp\/v2\/types\/page"}],"author":[{"embeddable":true,"href":"https:\/\/wiprocci.com\/vietnam\/wp-json\/wp\/v2\/users\/2"}],"replies":[{"embeddable":true,"href":"https:\/\/wiprocci.com\/vietnam\/wp-json\/wp\/v2\/comments?post=2788"}],"version-history":[{"count":22,"href":"https:\/\/wiprocci.com\/vietnam\/wp-json\/wp\/v2\/pages\/2788\/revisions"}],"predecessor-version":[{"id":3152,"href":"https:\/\/wiprocci.com\/vietnam\/wp-json\/wp\/v2\/pages\/2788\/revisions\/3152"}],"up":[{"embeddable":true,"href":"https:\/\/wiprocci.com\/vietnam\/wp-json\/wp\/v2\/pages\/13"}],"wp:attachment":[{"href":"https:\/\/wiprocci.com\/vietnam\/wp-json\/wp\/v2\/media?parent=2788"}],"curies":[{"name":"wp","href":"https:\/\/api.w.org\/{rel}","templated":true}]}}