{"id":2622,"date":"2019-05-07T02:03:48","date_gmt":"2019-05-07T02:03:48","guid":{"rendered":"https:\/\/wiprocci.com\/vietnam\/?page_id=2622"},"modified":"2024-01-22T05:40:24","modified_gmt":"2024-01-22T05:40:24","slug":"ombuds","status":"publish","type":"page","link":"https:\/\/wiprocci.com\/vietnam\/about-us\/company-profile\/our-values\/ombuds\/","title":{"rendered":"Ombuds"},"content":{"rendered":"<div class=\"code-of-business-conduct-wrapper\">\n<div class=\"content-wrapper\">\n<h1>Quy tr\u00ecnh b\u00e1o c\u00e1o sai ph\u1ea1m<\/h1>\n<p>Wipro cam k\u1ebft x\u00e2y d\u1ef1ng m\u00f4i tr\u01b0\u1eddng l\u00e0m vi\u1ec7c n\u01a1i m\u00e0 danh d\u1ef1, nh\u00e2n ph\u1ea9m c\u1ee7a nh\u00e2n vi\u00ean \u0111\u1ec1u \u0111\u01b0\u1ee3c t\u00f4n tr\u1ecdng v\u00e0 b\u1ea3o v\u1ec7 kh\u1ecfi c\u00e1c h\u00e0nh vi \u0111e d\u1ecda, x\u00fac ph\u1ea1m v\u00e0 b\u1ea1o l\u1ef1c.<\/p>\n<p>Wipro kh\u00f4ng khoan dung v\u1edbi c\u00e1c h\u00e0nh vi b\u1eb1ng l\u1eddi n\u00f3i ho\u1eb7c h\u00e0nh \u0111\u1ed9ng c\u1ee5 th\u1ec3 c\u1ee7a b\u1ea5t k\u1ef3 c\u00e1 nh\u00e2n n\u00e0o nh\u1eb1m qu\u1ea5y r\u1ed1i ng\u01b0\u1eddi kh\u00e1c, ph\u00e1 ho\u1ea1i c\u00f4ng vi\u1ec7c c\u1ee7a ng\u01b0\u1eddi kh\u00e1c ho\u1eb7c t\u1ea1o ra m\u1ed9t m\u00f4i tr\u01b0\u1eddng l\u00e0m vi\u1ec7c h\u0103m d\u1ecda, x\u00fac ph\u1ea1m, l\u1ea1m d\u1ee5ng ho\u1eb7c th\u00f9 \u0111\u1ecbch. \u0110i\u1ec1u n\u00e0y bao g\u1ed3m c\u1ea3 c\u00e1c h\u00e0nh vi nh\u1eafm v\u00e0o b\u00ean th\u1ee9 ba trong qu\u00e1 tr\u00ecnh ho\u1ea1t \u0111\u1ed9ng kinh doanh c\u1ee7a Wipro.<\/p>\n<p>B\u1ea5t k\u1ef3 h\u00e0nh \u0111\u1ed9ng tr\u1ea3 \u0111\u0169a n\u00e0o \u0111\u1ed1i v\u1edbi nh\u00e2n vi\u00ean \u0111\u00e3 l\u00ean ti\u1ebfng v\u1ec1 vi\u1ec7c qu\u1ea5y r\u1ed1i ho\u1eb7c h\u1ee3p t\u00e1c, tham gia v\u00e0o vi\u1ec7c \u0111i\u1ec1u tra c\u00e1c v\u1ee5 qu\u1ea5y r\u1ed1i \u0111\u1ec1u b\u1ecb c\u1ea5m v\u00e0 s\u1ebd kh\u00f4ng \u0111\u01b0\u1ee3c khoan nh\u01b0\u1ee3ng.<\/p>\n<p>B\u1ea5t k\u1ef3 vi ph\u1ea1m n\u00e0o \u0111\u1ed1i v\u1edbi ch\u00ednh s\u00e1ch n\u00e0y s\u1ebd \u0111\u1ec1u b\u1ecb xem x\u00e9t k\u1ef7 lu\u1eadt ho\u1eb7c th\u1eadm ch\u00ed ch\u1ea5m d\u1ee9t h\u1ee3p \u0111\u1ed3ng lao \u0111\u1ed9ng.<\/p>\n<p>B\u1ea1n c\u00f3 th\u1ec3 b\u00e1o c\u00e1o m\u1ed1i quan ng\u1ea1i c\u1ee7a m\u00ecnh b\u1eb1ng c\u00e1ch email \u0111\u1ebfn:<\/p>\n<p>WIPRO CONSUMER CARE VI\u1ec6T NAM<\/p>\n<p>Tr\u1ea7n Th\u00fay H\u1eb1ng &#8211; Th\u00e0nh vi\u00ean ban Ombuds.<br \/>\nE-mail: <a href=\"mailto:hang.tranthuy@wipro.com\">hang.tranthuy@wipro.com<\/a><\/p>\n<p>Suresh Senapaty \u2013 Th\u00e0nh vi\u00ean ban Ombuds.<br \/>\nE-mail: <a href=\"mailto:suresh.senapaty@wipro.com\">suresh.senapaty@wipro.com<\/a><\/p>\n<\/div>\n<\/div>\n","protected":false},"excerpt":{"rendered":"<p>Quy tr\u00ecnh b\u00e1o c\u00e1o sai ph\u1ea1m Wipro cam k\u1ebft x\u00e2y d\u1ef1ng m\u00f4i tr\u01b0\u1eddng l\u00e0m vi\u1ec7c n\u01a1i m\u00e0 danh d\u1ef1, nh\u00e2n ph\u1ea9m c\u1ee7a nh\u00e2n vi\u00ean \u0111\u1ec1u \u0111\u01b0\u1ee3c t\u00f4n tr\u1ecdng v\u00e0 b\u1ea3o v\u1ec7 kh\u1ecfi c\u00e1c h\u00e0nh vi \u0111e d\u1ecda, x\u00fac ph\u1ea1m v\u00e0 b\u1ea1o l\u1ef1c. Wipro kh\u00f4ng khoan dung v\u1edbi c\u00e1c h\u00e0nh vi b\u1eb1ng l\u1eddi n\u00f3i ho\u1eb7c h\u00e0nh [&hellip;]<\/p>\n","protected":false},"author":2,"featured_media":2672,"parent":57,"menu_order":0,"comment_status":"closed","ping_status":"closed","template":"","meta":[],"acf":[],"_links":{"self":[{"href":"https:\/\/wiprocci.com\/vietnam\/wp-json\/wp\/v2\/pages\/2622"}],"collection":[{"href":"https:\/\/wiprocci.com\/vietnam\/wp-json\/wp\/v2\/pages"}],"about":[{"href":"https:\/\/wiprocci.com\/vietnam\/wp-json\/wp\/v2\/types\/page"}],"author":[{"embeddable":true,"href":"https:\/\/wiprocci.com\/vietnam\/wp-json\/wp\/v2\/users\/2"}],"replies":[{"embeddable":true,"href":"https:\/\/wiprocci.com\/vietnam\/wp-json\/wp\/v2\/comments?post=2622"}],"version-history":[{"count":25,"href":"https:\/\/wiprocci.com\/vietnam\/wp-json\/wp\/v2\/pages\/2622\/revisions"}],"predecessor-version":[{"id":3134,"href":"https:\/\/wiprocci.com\/vietnam\/wp-json\/wp\/v2\/pages\/2622\/revisions\/3134"}],"up":[{"embeddable":true,"href":"https:\/\/wiprocci.com\/vietnam\/wp-json\/wp\/v2\/pages\/57"}],"wp:featuredmedia":[{"embeddable":true,"href":"https:\/\/wiprocci.com\/vietnam\/wp-json\/wp\/v2\/media\/2672"}],"wp:attachment":[{"href":"https:\/\/wiprocci.com\/vietnam\/wp-json\/wp\/v2\/media?parent=2622"}],"curies":[{"name":"wp","href":"https:\/\/api.w.org\/{rel}","templated":true}]}}