{"id":2605,"date":"2017-12-15T07:16:15","date_gmt":"2017-12-15T07:16:15","guid":{"rendered":"https:\/\/wiprocci.com\/vietnam\/?page_id=2605"},"modified":"2023-12-21T06:33:10","modified_gmt":"2023-12-21T06:33:10","slug":"carrie-junior","status":"publish","type":"page","link":"https:\/\/wiprocci.com\/vietnam\/our-brands\/carrie-junior\/","title":{"rendered":"CARRIE JUNIOR"},"content":{"rendered":"<section id=\"primary\" class=\"site-content\">\n<div id=\"content\" role=\"main\">\n<div class=\"featured-img\" style=\"margin-bottom: 25px;\"><img decoding=\"async\" src=\"https:\/\/wiprocci.com\/vietnam\/wp-content\/uploads\/2023\/08\/CJ-KEYVISUAL_FA_1000x430.jpg\" \/><\/p>\n<div class=\"social-media-wrapper\">\n<p class=\"social-hand-text\">To visit our brand website or follow us on social media click here<\/p>\n<p class=\"hand-icon\">\n<p class=\"links-brands-block\"><a class=\"brand-link social\" href=\"https:\/\/carriejunior.com.vn\/\" target=\"_blank\" rel=\"noopener\">website<\/a><a class=\"facebook_page social\" href=\"https:\/\/www.facebook.com\/CarrieJuniorVietnam\" target=\"_blank\" rel=\"noopener\">Facebook<\/a><\/p>\n<\/div>\n<\/div>\n<\/div>\n<\/section>\n<section id=\"\" class=\"site-sub-content\">\n<div class=\"entry-content\">\n<div class=\"company-history\">\n<div class=\"content-wrapper\">\n<div class=\"content\">\n<h1>CARRIE JUNIOR<\/h1>\n<p><span style=\"font-weight: 400;\">Carrie Junior l\u00e0 m\u1ed9t trong nh\u1eefng th\u01b0\u01a1ng hi\u1ec7u d\u1eabn \u0111\u1ea7u ng\u00e0nh h\u00e0ng ch\u0103m s\u00f3c c\u00e1 nh\u00e2n d\u00e0nh cho tr\u1ebb em t\u1ea1i c\u00e1c n\u01b0\u1edbc trong\u00a0khu\u00a0v\u1ef1c\u00a0ch\u00e2u\u00a0\u00c1.<\/span><\/p>\n<p><span style=\"font-weight: 400;\">Carrie Junior v\u1edbi Fruito E+ chi\u1ebft xu\u1ea5t t\u1eeb tr\u00e1i c\u00e2y thi\u00ean nhi\u00ean, gi\u00e0u vitamin v\u00e0 d\u01b0\u1ee1ng ch\u1ea5t gi\u00fap nu\u00f4i d\u01b0\u1ee1ng l\u00e0n da v\u00e0 m\u00e1i t\u00f3c c\u1ee7a b\u00e9 m\u1ec1m m\u1ea1i, \u1ea9m m\u1ecbn v\u00e0 kh\u1ecfe m\u1ea1nh. S\u1ea3n ph\u1ea9m c\u00f3 m\u00f9i h\u01b0\u01a1ng tr\u00e1i c\u00e2y th\u01a1m m\u00e1t v\u00e0 l\u01b0u h\u01b0\u01a1ng l\u00e2u m\u00e0 tr\u1ebb y\u00eau th\u00edch.\u00a0<\/span><\/p>\n<p><span style=\"font-weight: 400;\">Carrie Junior hi\u1ec7n \u0111ang c\u00f3 c\u00e1c d\u00f2ng s\u1ea3n ph\u1ea9m d\u00e0nh ri\u00eang cho nh\u1eefng thi\u00ean th\u1ea7n nh\u1ecf t\u1ea1i Vi\u1ec7t Nam, h\u1ee9a h\u1eb9n s\u1ebd mang l\u1ea1i tr\u1ea3i nghi\u1ec7m vui nh\u1ed9n v\u00e0 th\u00fa v\u1ecb trong h\u00e0nh tr\u00ecnh l\u1edbn kh\u00f4n c\u1ee7a b\u00e9.<\/span><\/p>\n<\/div>\n<\/div>\n<\/div>\n<\/div>\n<\/section>\n","protected":false},"excerpt":{"rendered":"<p>To visit our brand website or follow us on social media click here websiteFacebook CARRIE JUNIOR Carrie Junior l\u00e0 m\u1ed9t trong nh\u1eefng th\u01b0\u01a1ng hi\u1ec7u d\u1eabn \u0111\u1ea7u ng\u00e0nh h\u00e0ng ch\u0103m s\u00f3c c\u00e1 nh\u00e2n d\u00e0nh cho tr\u1ebb em t\u1ea1i c\u00e1c n\u01b0\u1edbc trong\u00a0khu\u00a0v\u1ef1c\u00a0ch\u00e2u\u00a0\u00c1. Carrie Junior v\u1edbi Fruito E+ chi\u1ebft xu\u1ea5t t\u1eeb tr\u00e1i c\u00e2y thi\u00ean nhi\u00ean, gi\u00e0u vitamin v\u00e0 [&hellip;]<\/p>\n","protected":false},"author":2,"featured_media":0,"parent":13,"menu_order":0,"comment_status":"closed","ping_status":"closed","template":"","meta":[],"acf":[],"_links":{"self":[{"href":"https:\/\/wiprocci.com\/vietnam\/wp-json\/wp\/v2\/pages\/2605"}],"collection":[{"href":"https:\/\/wiprocci.com\/vietnam\/wp-json\/wp\/v2\/pages"}],"about":[{"href":"https:\/\/wiprocci.com\/vietnam\/wp-json\/wp\/v2\/types\/page"}],"author":[{"embeddable":true,"href":"https:\/\/wiprocci.com\/vietnam\/wp-json\/wp\/v2\/users\/2"}],"replies":[{"embeddable":true,"href":"https:\/\/wiprocci.com\/vietnam\/wp-json\/wp\/v2\/comments?post=2605"}],"version-history":[{"count":15,"href":"https:\/\/wiprocci.com\/vietnam\/wp-json\/wp\/v2\/pages\/2605\/revisions"}],"predecessor-version":[{"id":3092,"href":"https:\/\/wiprocci.com\/vietnam\/wp-json\/wp\/v2\/pages\/2605\/revisions\/3092"}],"up":[{"embeddable":true,"href":"https:\/\/wiprocci.com\/vietnam\/wp-json\/wp\/v2\/pages\/13"}],"wp:attachment":[{"href":"https:\/\/wiprocci.com\/vietnam\/wp-json\/wp\/v2\/media?parent=2605"}],"curies":[{"name":"wp","href":"https:\/\/api.w.org\/{rel}","templated":true}]}}