{"id":19,"date":"2014-03-03T02:18:52","date_gmt":"2014-03-03T02:18:52","guid":{"rendered":"https:\/\/wiprocci.com\/vietnam\/?page_id=19"},"modified":"2024-01-22T05:41:09","modified_gmt":"2024-01-22T05:41:09","slug":"manufacturing-facilities","status":"publish","type":"page","link":"https:\/\/wiprocci.com\/vietnam\/about-us\/manufacturing-facilities\/","title":{"rendered":"C\u01a1 s\u1edf s\u1ea3n xu\u1ea5t"},"content":{"rendered":"<div class=\"entry-content\">\n<div class=\"manufacturing-facilities-wrapper\">\n<div class=\"content-wrapper\">\n<h1>C\u01a1 s\u1edf s\u1ea3n xu\u1ea5t<\/h1>\n<p>Nh\u00e0 m\u00e1y Wipro Consumer Care Vi\u1ec7t Nam t\u1ecda l\u1ea1c t\u1ea1i Khu c\u00f4ng nghi\u1ec7p Vi\u1ec7t Nam Singapore 1 (VSIP1) t\u1eeb n\u0103m 1999 v\u1edbi t\u1ed5ng di\u1ec7n t\u00edch h\u01a1n 20.000 m2.<\/p>\n<p>V\u1edbi m\u1ee5c ti\u00eau tr\u1edf th\u00e0nh m\u1ed9t c\u00f4ng ty h\u00e0ng ti\u00eau d\u00f9ng c\u00f3 tr\u00e1ch nhi\u1ec7m, ch\u00fang t\u00f4i \u0111\u00e3 \u0111\u1eb7t c\u00e1c nguy\u00ean t\u1eafc v\u1ec1 t\u00ednh b\u1ec1n v\u1eefng v\u00e0o m\u1ecdi kh\u00eda c\u1ea1nh c\u1ee7a quy tr\u00ecnh s\u1ea3n xu\u1ea5t c\u1ee7a m\u00ecnh.<\/p>\n<p>M\u1ed7i ng\u00e0y, Wipro li\u00ean t\u1ee5c c\u1ea3i ti\u1ebfn \u0111\u1ec3 \u0111\u1ea1t \u0111\u01b0\u1ee3c m\u1ee5c ti\u00eau gi\u1ea3m ti\u00eau th\u1ee5 n\u0103ng l\u01b0\u1ee3ng v\u00e0 n\u01b0\u1edbc, gi\u1ea3m thi\u1ec3u l\u01b0\u1ee3ng r\u00e1c th\u1ea3i v\u00e0 lo\u1ea1i b\u1ecf s\u1eed d\u1ee5ng nh\u1ef1a PVC \u1edf m\u1ee9c th\u1ea5p nh\u1ea5t.<\/p>\n<p>Ngo\u00e0i ra, Wipro \u01b0u ti\u00ean s\u1eed d\u1ee5ng n\u0103ng l\u01b0\u1ee3ng t\u1eeb c\u00e1c ngu\u1ed3n t\u00e1i t\u1ea1o g\u00f3p ph\u1ea7n v\u00e0o h\u00e0nh tr\u00ecnh x\u00e2y d\u1ef1ng doanh nghi\u1ec7p b\u1ec1n v\u1eefng.<\/p>\n<h1>\u0110\u1ea3m b\u1ea3o ch\u1ea5t l\u01b0\u1ee3ng trong v\u1eadn h\u00e0nh s\u1ea3n xu\u1ea5t<\/h1>\n<p>Ch\u00fang t\u00f4i \u01b0u ti\u00ean ch\u1ea5t l\u01b0\u1ee3ng s\u1ea3n ph\u1ea9m d\u1ef1a tr\u00ean vi\u1ec7c l\u1ef1a ch\u1ecdn c\u00e1c nh\u00e0 cung c\u1ea5p nguy\u00ean v\u1eadt li\u1ec7u, bao b\u00ec\u2026 ch\u1ea5t l\u01b0\u1ee3ng cao h\u00e0ng \u0111\u1ea7u tr\u00ean th\u1ebf gi\u1edbi.<\/p>\n<p>Ch\u00fang t\u00f4i cam k\u1ebft duy tr\u00ec vi\u1ec7c ki\u1ec3m so\u00e1t ch\u1ea5t l\u01b0\u1ee3ng m\u1ed9t c\u00e1ch nghi\u00eam ng\u1eb7t qua t\u1eebng b\u01b0\u1edbc t\u1eeb qu\u00e1 tr\u00ecnh s\u1ea3n xu\u1ea5t, l\u01b0u tr\u1eef v\u00e0 cung c\u1ea5p s\u1ea3n ph\u1ea9m \u0111\u1ebfn tay ng\u01b0\u1eddi ti\u00eau d\u00f9ng.<\/p>\n<h1>T\u1eadp trung v\u00e0o M\u00f4i tr\u01b0\u1eddng, X\u00e3 h\u1ed9i v\u00e0 Qu\u1ea3n tr\u1ecb (ESG)<\/h1>\n<p>\u0110\u1ec3 b\u1ea3o v\u1ec7 m\u00f4i tr\u01b0\u1eddng ch\u00fang t\u00f4i lu\u00f4n \u0111\u1ea7u t\u01b0 v\u00e0o c\u00f4ng ngh\u1ec7 v\u00e0 quy tr\u00ecnh gi\u00fap ti\u1ebft ki\u1ec7m n\u0103ng l\u01b0\u1ee3ng v\u00e0 gi\u1ea3m l\u01b0\u1ee3ng kh\u00ed nh\u00e0 k\u00ednh c\u0169ng nh\u01b0 thi\u1ebft l\u1eadp h\u1ec7 th\u1ed1ng qu\u1ea3n l\u00fd ch\u1ea5t th\u1ea3i \u0111\u1ec3 gi\u1ea3m, t\u00e1i ch\u1ebf v\u00e0 x\u1eed l\u00fd ch\u1ea5t th\u1ea3i m\u1ed9t c\u00e1ch hi\u1ec7u qu\u1ea3, x\u00e2y d\u1ef1ng v\u00e0 th\u1ef1c hi\u1ec7n ch\u00ednh s\u00e1ch h\u1ed7 tr\u1ee3 m\u00f4i tr\u01b0\u1eddng nh\u01b0 gi\u1ea3m l\u01b0\u1ee3ng carbon v\u00e0 b\u1ea3o v\u1ec7 \u0111a d\u1ea1ng sinh h\u1ecdc.<\/p>\n<p>Ch\u00fang t\u00f4i \u0111\u1ea3m b\u1ea3o m\u00f4i tr\u01b0\u1eddng l\u00e0m vi\u1ec7c c\u00f4ng b\u1eb1ng, \u0111a d\u1ea1ng v\u00e0 h\u1ed7 tr\u1ee3 quy\u1ec1n l\u1ee3i c\u1ee7a nh\u00e2n vi\u00ean.<\/p>\n<p>Ch\u00fang t\u00f4i tham gia v\u00e0o c\u00e1c ho\u1ea1t \u0111\u1ed9ng x\u00e3 h\u1ed9i v\u00e0 c\u1ed9ng \u0111\u1ed3ng \u0111\u1ec3 h\u1ed7 tr\u1ee3 v\u00e0 ph\u00e1t tri\u1ec3n c\u00e1c khu v\u1ef1c d\u00e2n c\u01b0 n\u01a1i c\u00f4ng ty ho\u1ea1t \u0111\u1ed9ng.<\/p>\n<p>Ch\u00fang t\u00f4i x\u00e2y d\u1ef1ng v\u00e0 th\u00fac \u0111\u1ea9y ch\u00ednh s\u00e1ch \u0111a d\u1ea1ng \u0111\u1ec3 t\u1ea1o ra m\u1ed9t m\u00f4i tr\u01b0\u1eddng l\u00e0m vi\u1ec7c th\u00e2n thi\u1ec7n v\u00e0 c\u00f4ng b\u1eb1ng.<\/p>\n<p><img decoding=\"async\" loading=\"lazy\" class=\"alignnone size-full wp-image-2986\" src=\"https:\/\/wiprocci.com\/vietnam\/wp-content\/uploads\/2023\/10\/image2.jpg\" alt=\"\" width=\"1400\" height=\"400\" srcset=\"https:\/\/wiprocci.com\/vietnam\/wp-content\/uploads\/2023\/10\/image2.jpg 1400w, https:\/\/wiprocci.com\/vietnam\/wp-content\/uploads\/2023\/10\/image2-300x86.jpg 300w, https:\/\/wiprocci.com\/vietnam\/wp-content\/uploads\/2023\/10\/image2-1024x293.jpg 1024w, https:\/\/wiprocci.com\/vietnam\/wp-content\/uploads\/2023\/10\/image2-768x219.jpg 768w, https:\/\/wiprocci.com\/vietnam\/wp-content\/uploads\/2023\/10\/image2-624x178.jpg 624w\" sizes=\"(max-width: 1400px) 100vw, 1400px\" \/><\/p>\n<h1>V\u0103n h\u00f3a c\u1ee7a C\u1ea3i Ti\u1ebfn Li\u00ean T\u1ee5c<\/h1>\n<p>Ch\u00fang t\u00f4i x\u00e2y d\u1ef1ng v\u00e0 khuy\u1ebfn kh\u00edch v\u0103n h\u00f3a c\u1ea3i ti\u1ebfn li\u00ean t\u1ee5c t\u1ea1i Wipro, vi\u1ec7c n\u00e0y kh\u00f4ng ch\u1ec9 l\u00e0 tr\u00e1ch nhi\u1ec7m c\u1ee7a c\u00e1c c\u1ea5p l\u00e3nh \u0111\u1ea1o m\u00e0 c\u00f2n l\u00e0 tr\u00e1ch nhi\u1ec7m c\u1ee7a m\u1ed7i c\u00e1 nh\u00e2n, bao g\u1ed3m c\u1ea3 s\u1ef1 h\u1ee3p t\u00e1c t\u00edch c\u1ef1c v\u1edbi c\u00e1c \u0111\u1ed1i t\u00e1c, c\u00e1c nh\u00e0 cung c\u1ea5p v\u00e0 nh\u00e0 th\u1ea7u ph\u1ee5.<\/p>\n<p>Ch\u00fang t\u00f4i cam k\u1ebft kh\u00f4ng ng\u1eebng n\u1ed7 l\u1ef1c c\u1ea3i ti\u1ebfn, t\u1eeb vi\u1ec7c t\u1ed1i \u01b0u h\u00f3a quy tr\u00ecnh s\u1ea3n xu\u1ea5t \u0111\u1ebfn vi\u1ec7c t\u00ecm ki\u1ebfm c\u01a1 h\u1ed9i n\u00e2ng cao n\u0103ng l\u1ef1c qu\u1ea3n l\u00fd v\u00e0 ch\u1ea5t l\u01b0\u1ee3ng d\u1ecbch v\u1ee5.<\/p>\n<p>Ch\u00fang t\u00f4i tin r\u1eb1ng s\u1ef1 s\u00e1ng t\u1ea1o v\u00e0 \u0111\u1ed3ng g\u00f3p s\u00e1ng ki\u1ebfn t\u1eeb nh\u00e2n vi\u00ean l\u00e0 \u0111\u1ed9ng l\u1ef1c quan tr\u1ecdng t\u1ea1o n\u00ean nh\u1eefng thay \u0111\u1ed5i t\u00edch c\u1ef1c.<\/p>\n<p>\u0110\u1ed3ng th\u1eddi, ch\u00fang t\u00f4i lan r\u1ed9ng v\u0103n h\u00f3a n\u00e0y ra ngo\u00e0i c\u00f4ng ty, t\u00e1c \u0111\u1ed9ng t\u00edch c\u1ef1c \u0111\u1ebfn c\u1ed9ng \u0111\u1ed3ng v\u00e0 m\u00f4i tr\u01b0\u1eddng xung quanh.<\/p>\n<p>Ch\u00fang t\u00f4i kh\u00f4ng ch\u1ec9 s\u1ea3n xu\u1ea5t c\u00e1c s\u1ea3n ph\u1ea9m ch\u1ea5t l\u01b0\u1ee3ng cao m\u00e0 c\u00f2n \u0111\u00f3ng g\u00f3p cho s\u1ef1 ph\u00e1t tri\u1ec3n b\u1ec1n v\u1eefng v\u00e0 c\u1ed9ng \u0111\u1ed3ng x\u00e3 h\u1ed9i.<\/p>\n<h1>\u0110\u00e1p \u1ee9ng c\u00e1c ti\u00eau chu\u1ea9n qu\u1ed1c t\u1ebf<\/h1>\n<p>Wipro Consumer Care Vi\u1ec7t Nam t\u1ef1 h\u00e0o v\u1ec1 c\u00e1c ch\u1ee9ng ch\u1ec9 qu\u1ed1c t\u1ebf m\u00e0 ch\u00fang t\u00f4i \u0111\u00e3 \u0111\u1ea1t \u0111\u01b0\u1ee3c. C\u00e1c ch\u1ee9ng ch\u1ec9 n\u00e0y bao g\u1ed3m ISO 9001, ISO 14001, ISO 45001 v\u00e0 GMP.<\/p>\n<p>Nh\u1eefng ch\u1ee9ng ch\u1ec9 n\u00e0y l\u00e0 minh ch\u1ee9ng cho cam k\u1ebft ki\u00ean \u0111\u1ecbnh c\u1ee7a ch\u00fang t\u00f4i v\u1ec1 ch\u1ea5t l\u01b0\u1ee3ng, b\u1ea3o v\u1ec7 m\u00f4i tr\u01b0\u1eddng, an to\u00e0n lao \u0111\u1ed9ng, qu\u1ea3n l\u00fd n\u0103ng l\u01b0\u1ee3ng v\u00e0 th\u1ef1c h\u00e0nh s\u1ea3n xu\u1ea5t t\u1ed1t.<\/p>\n<ul class=\"box-flex\">\n<li>B\u1ec1n v\u1eefng M\u00f4i tr\u01b0\u1eddng<\/li>\n<li>Ti\u00eau chu\u1ea9n To\u00e0n c\u1ea7u<\/li>\n<li>S\u1ef1 Xu\u1ea5t s\u1eafc trong S\u1ea3n xu\u1ea5ta<\/li>\n<\/ul>\n<\/div>\n<\/div>\n<\/div>\n","protected":false},"excerpt":{"rendered":"<p>C\u01a1 s\u1edf s\u1ea3n xu\u1ea5t Nh\u00e0 m\u00e1y Wipro Consumer Care Vi\u1ec7t Nam t\u1ecda l\u1ea1c t\u1ea1i Khu c\u00f4ng nghi\u1ec7p Vi\u1ec7t Nam Singapore 1 (VSIP1) t\u1eeb n\u0103m 1999 v\u1edbi t\u1ed5ng di\u1ec7n t\u00edch h\u01a1n 20.000 m2. V\u1edbi m\u1ee5c ti\u00eau tr\u1edf th\u00e0nh m\u1ed9t c\u00f4ng ty h\u00e0ng ti\u00eau d\u00f9ng c\u00f3 tr\u00e1ch nhi\u1ec7m, ch\u00fang t\u00f4i \u0111\u00e3 \u0111\u1eb7t c\u00e1c nguy\u00ean t\u1eafc v\u1ec1 t\u00ednh [&hellip;]<\/p>\n","protected":false},"author":2,"featured_media":2842,"parent":15,"menu_order":0,"comment_status":"closed","ping_status":"closed","template":"","meta":[],"acf":[],"_links":{"self":[{"href":"https:\/\/wiprocci.com\/vietnam\/wp-json\/wp\/v2\/pages\/19"}],"collection":[{"href":"https:\/\/wiprocci.com\/vietnam\/wp-json\/wp\/v2\/pages"}],"about":[{"href":"https:\/\/wiprocci.com\/vietnam\/wp-json\/wp\/v2\/types\/page"}],"author":[{"embeddable":true,"href":"https:\/\/wiprocci.com\/vietnam\/wp-json\/wp\/v2\/users\/2"}],"replies":[{"embeddable":true,"href":"https:\/\/wiprocci.com\/vietnam\/wp-json\/wp\/v2\/comments?post=19"}],"version-history":[{"count":24,"href":"https:\/\/wiprocci.com\/vietnam\/wp-json\/wp\/v2\/pages\/19\/revisions"}],"predecessor-version":[{"id":3135,"href":"https:\/\/wiprocci.com\/vietnam\/wp-json\/wp\/v2\/pages\/19\/revisions\/3135"}],"up":[{"embeddable":true,"href":"https:\/\/wiprocci.com\/vietnam\/wp-json\/wp\/v2\/pages\/15"}],"wp:featuredmedia":[{"embeddable":true,"href":"https:\/\/wiprocci.com\/vietnam\/wp-json\/wp\/v2\/media\/2842"}],"wp:attachment":[{"href":"https:\/\/wiprocci.com\/vietnam\/wp-json\/wp\/v2\/media?parent=19"}],"curies":[{"name":"wp","href":"https:\/\/api.w.org\/{rel}","templated":true}]}}