{"id":17,"date":"2014-03-03T02:18:27","date_gmt":"2014-03-03T02:18:27","guid":{"rendered":"https:\/\/wiprocci.com\/vietnam\/?page_id=17"},"modified":"2024-01-03T09:34:04","modified_gmt":"2024-01-03T09:34:04","slug":"company-profile","status":"publish","type":"page","link":"https:\/\/wiprocci.com\/vietnam\/about-us\/company-profile\/","title":{"rendered":"S\u01a1 l\u01b0\u1ee3c v\u1ec1 c\u00f4ng ty"},"content":{"rendered":"<div class=\"company-profile\">\n<div class=\"content-wrapper\">\n<div class=\"content\">\n<p>Wipro Consumer Care Vi\u1ec7t Nam l\u00e0 c\u00f4ng ty con c\u1ee7a t\u1eadp \u0111o\u00e0n Wipro Enterprises, c\u00f3 tr\u1ee5 s\u1edf ch\u00ednh t\u1ea1i Bangalore, \u1ea4n \u0110\u1ed9, v\u1edbi l\u1ecbch s\u1eed phong ph\u00fa tr\u1ea3i d\u00e0i g\u1ea7n 80 n\u0103m.<\/p>\n<p>Wipro Enterprises c\u00f3 l\u1ef1c l\u01b0\u1ee3ng lao \u0111\u1ed9ng to\u00e0n c\u1ea7u v\u1edbi h\u01a1n 10.000 nh\u00e2n vi\u00ean \u0111ang l\u00e0m vi\u1ec7c t\u1ea1i h\u01a1n 19 qu\u1ed1c gia.<br \/>\nT\u1eadp \u0111o\u00e0n \u0111\u01b0\u1ee3c bi\u1ebft \u0111\u1ebfn v\u1edbi n\u1ec1n v\u0103n h\u00f3a tin c\u1eady, \u0111a d\u1ea1ng, h\u1ed9i nh\u1eadp v\u00e0 kh\u00f4ng ng\u1eebng kh\u00e1t khao ph\u00e1t tri\u1ec3n.<\/p>\n<p>Wipro Enterprises chuy\u00ean s\u1ea3n xu\u1ea5t v\u00e0 kinh doanh c\u00e1c s\u1ea3n ph\u1ea9m ch\u0103m s\u00f3c c\u00e1 nh\u00e2n v\u00e0 ch\u0103m s\u00f3c gia \u0111\u00ecnh, v\u1edbi c\u00e1c th\u01b0\u01a1ng hi\u1ec7u d\u00e0nh ri\u00eang cho h\u00e0ng tri\u1ec7u ng\u01b0\u1eddi ti\u00eau d\u00f9ng tr\u00ean kh\u1eafp c\u00e1c l\u1ee5c \u0111\u1ecba.<\/p>\n<p>Hi\u1ec7n t\u1ea1i, ho\u1ea1t \u0111\u1ed9ng c\u1ee7a ch\u00fang t\u00f4i tr\u1ea3i r\u1ed9ng tr\u00ean nhi\u1ec1u qu\u1ed1c gia, bao g\u1ed3m c\u00e1c th\u1ecb tr\u01b0\u1eddng ch\u00ednh \u1edf \u1ea4n \u0110\u1ed9, Malaysia, Trung Qu\u1ed1c, Vi\u1ec7t Nam, Philippines, Trung \u0110\u00f4ng, Indonesia, Nam Phi. c\u00f9ng v\u1edbi s\u1ef1 hi\u1ec7n di\u1ec7n \u1edf nhi\u1ec1u th\u1ecb tr\u01b0\u1eddng kh\u00e1c.<\/p>\n<p>Th\u00f4ng qua r\u1ea5t nhi\u1ec1u th\u01b0\u01a1ng v\u1ee5 s\u00e1p nh\u1eadp v\u00e0 thu mua c\u00e1c th\u01b0\u01a1ng hi\u1ec7u ch\u0103m s\u00f3c c\u00e1 nh\u00e2n v\u00e0 ch\u0103m s\u00f3c gia \u0111\u00ecnh, ch\u00fang t\u00f4i \u0111\u00e3 c\u00f3 c\u01a1 h\u1ed9i ti\u1ebfp c\u1eadn chuy\u00ean m\u00f4n v\u00e0 ki\u1ebfn th\u1ee9c \u0111a ng\u00e0nh, \u0111i\u1ec1u n\u00e0y \u0111\u00e3 gi\u00fap ch\u00fang t\u00f4i ph\u00e1t tri\u1ec3n c\u00e1c d\u00f2ng s\u1ea3n ph\u1ea9m m\u1edbi nhanh h\u01a1n.<\/p>\n<h1>T\u1ea7m nh\u00ecn c\u1ee7a Wipro Consumer Care Vi\u1ec7t Nam<\/h1>\n<p>Wipro Consumer Care Vi\u1ec7t Nam tr\u1edf th\u00e0nh m\u1ed9t c\u00f4ng ty h\u00e0ng ti\u00eau d\u00f9ng qu\u1ed1c t\u1ebf \u0111\u1ee9ng \u0111\u1ea7u t\u1ea1i Vi\u1ec7t Nam, n\u01a1i nh\u00e2n vi\u00ean ph\u00e1t huy t\u1ed1i \u0111a ti\u1ec1m n\u0103ng c\u1ee7a b\u1ea3n th\u00e2n, t\u1ea1o ra nh\u1eefng th\u01b0\u01a1ng hi\u1ec7u v\u00e0 s\u1ea3n ph\u1ea9m truy\u1ec1n c\u1ea3m h\u1ee9ng cho cu\u1ed9c s\u1ed1ng c\u1ee7a ng\u01b0\u1eddi Vi\u1ec7t Nam.<\/p>\n<h1>X\u00e2y d\u1ef1ng th\u01b0\u01a1ng hi\u1ec7u<\/h1>\n<p>Tr\u1ecdng t\u00e2m trong chi\u1ebfn l\u01b0\u1ee3c ph\u00e1t tri\u1ec3n c\u1ee7a ch\u00fang t\u00f4i l\u00e0 li\u00ean t\u1ee5c t\u1ea1o ra c\u00e1c th\u01b0\u01a1ng hi\u1ec7u v\u00e0 s\u1ea3n ph\u1ea9m m\u1edbi. Ch\u00fang t\u00f4i \u0111\u1eb7c bi\u1ec7t \u0111\u1ea7u t\u01b0 v\u00e0o quy tr\u00ecnh ph\u00e1t tri\u1ec3n c\u00e1c th\u01b0\u01a1ng hi\u1ec7u v\u00e0 s\u1ea3n ph\u1ea9m m\u1edbi n\u00e0y, \u0111\u1ed3ng th\u1eddi li\u00ean t\u1ee5c ho\u00e0n thi\u1ec7n v\u00e0 c\u1ea3i ti\u1ebfn c\u00e1c th\u01b0\u01a1ng hi\u1ec7u v\u00e0 s\u1ea3n ph\u1ea9m hi\u1ec7n c\u00f3.<\/p>\n<p>B\u1ed9 ph\u1eadn Ti\u1ebfp th\u1ecb \u0111\u00f3ng vai tr\u00f2 ch\u00ednh trong vi\u1ec7c th\u1ef1c hi\u1ec7n chi\u1ebfn l\u01b0\u1ee3c n\u00e0y c\u00f9ng v\u1edbi s\u1ef1 h\u1ed7 tr\u1ee3 c\u1ee7a c\u00e1c b\u1ed9 ph\u1eadn Nghi\u00ean c\u1ee9u v\u00e0 Ph\u00e1t tri\u1ec3n, kh\u1ed1i S\u1ea3n xu\u1ea5t, b\u1ed9 ph\u1eadn B\u00e1n h\u00e0ng.<\/p>\n<h1>Ph\u00e1t tri\u1ec3n s\u1ea3n ph\u1ea9m m\u1edbi<\/h1>\n<p>\u0110\u1ec3 s\u00e1ng t\u1ea1o ra c\u00e1c s\u1ea3n ph\u1ea9m m\u1edbi \u0111\u1ed9c \u0111\u00e1o c\u1ee7a ri\u00eang m\u00ecnh, ch\u00fang t\u00f4i \u0111\u00e3 x\u00e2y d\u1ef1ng trung t\u00e2m Nghi\u00ean c\u1ee9u &amp; Ph\u00e1t tri\u1ec3n, ti\u00ean ti\u1ebfn t\u1ea1i Vi\u1ec7t Nam.<\/p>\n<p>Th\u00f4ng qua c\u00e1c th\u1eed nghi\u1ec7m nghi\u00eam ng\u1eb7t v\u00e0 nh\u1eefng nghi\u00ean c\u1ee9u k\u1ef9 l\u01b0\u1ee1ng, ch\u00fang t\u00f4i \u0111\u1ea3m b\u1ea3o c\u00e1c s\u1ea3n ph\u1ea9m m\u1edbi ho\u00e0n to\u00e0n \u0111\u00e1p \u1ee9ng y\u00eau c\u1ea7u c\u1ee7a ng\u01b0\u1eddi ti\u00eau d\u00f9ng.<\/p>\n<p>Ch\u00fang t\u00f4i lu\u00f4n tu\u00e2n th\u1ee7 c\u00e1c quy \u0111\u1ecbnh v\u1ec1 an to\u00e0n theo c\u00e1c ti\u00eau chu\u1ea9n c\u1ee7a C\u1ee5c Qu\u1ea3n l\u00fd Th\u1ef1c ph\u1ea9m v\u00e0 D\u01b0\u1ee3c ph\u1ea9m Hoa K\u1ef3; C\u1ed9ng \u0111\u1ed3ng Kinh t\u1ebf Ch\u00e2u \u00c2u (EEC)\/ COLIPA; D\u01b0\u1ee3c ph\u1ea9m Anh (BP); Hi\u1ec7p h\u1ed9i M\u1ef9 ph\u1ea9m, S\u1ea3n ph\u1ea9m V\u1ec7 sinh v\u00e0 N\u01b0\u1edbc hoa (CFTA), Hi\u1ec7p \u0111\u1ecbnh M\u1ef9 ph\u1ea9m ASEAN cho c\u00e1c n\u01b0\u1edbc ASEAN.<\/p>\n<h1>K\u00eanh ph\u00e2n ph\u1ed1i<\/h1>\n<p>Ch\u00fang t\u00f4i c\u00f3 m\u1ed9t m\u1ea1ng l\u01b0\u1edbi b\u00e1n h\u00e0ng v\u00e0 c\u00e1c k\u00eanh ph\u00e2n ph\u1ed1i r\u1ed9ng kh\u1eafp, \u0111\u1ea3m b\u1ea3o s\u1ef1 ti\u1ec7n l\u1ee3i cho ng\u01b0\u1eddi ti\u00eau d\u00f9ng ti\u1ebfp c\u1eadn c\u00e1c s\u1ea3n ph\u1ea9m c\u1ee7a ch\u00fang t\u00f4i m\u1ecdi l\u00fac m\u1ecdi n\u01a1i. V\u1edbi m\u1ed9t m\u1ea1ng l\u01b0\u1edbi b\u00e1n l\u1ebb \u0111a d\u1ea1ng nh\u01b0 c\u00e1c si\u00eau th\u1ecb v\u00e0 \u0111\u1ea1i si\u00eau th\u1ecb, si\u00eau th\u1ecb nh\u1ecf, c\u1eeda h\u00e0ng t\u1ea1p h\u00f3a t\u1ed5ng h\u1ee3p, c\u1eeda h\u00e0ng ti\u1ec7n l\u1ee3i, c\u00e1c s\u00e0n th\u01b0\u01a1ng m\u1ea1i \u0111i\u1ec7n t\u1eed, ch\u00fang t\u00f4i lu\u00f4n n\u1ed7 l\u1ef1c \u0111\u1ec3 s\u1ea3n ph\u1ea9m \u0111\u1ebfn tay ng\u01b0\u1eddi ti\u00eau d\u00f9ng m\u1ed9t c\u00e1ch thu\u1eadn ti\u1ec7n v\u00e0 d\u1ec5 d\u00e0ng.<\/p>\n<p>Ngo\u00e0i ra, ch\u00fang t\u00f4i c\u00f2n tri\u1ec3n khai \u0111\u1ed9i ng\u0169 nh\u00e2n vi\u00ean t\u01b0 v\u1ea5n b\u00e1n h\u00e0ng t\u1ea1i c\u00e1c \u0111i\u1ec3m b\u00e1n \u0111\u1ec3 t\u0103ng \u0111\u1ed9 nh\u1eadn di\u1ec7n th\u01b0\u01a1ng hi\u1ec7u c\u0169ng nh\u01b0 gi\u00fap kh\u00e1ch h\u00e0ng tr\u1ea3i nghi\u1ec7m v\u00e0 d\u00f9ng th\u1eed s\u1ea3n ph\u1ea9m m\u1ed9t c\u00e1ch t\u1ed1t nh\u1ea5t.<\/p>\n<\/div>\n<\/div>\n<\/div>\n","protected":false},"excerpt":{"rendered":"<p>Wipro Consumer Care Vi\u1ec7t Nam l\u00e0 c\u00f4ng ty con c\u1ee7a t\u1eadp \u0111o\u00e0n Wipro Enterprises, c\u00f3 tr\u1ee5 s\u1edf ch\u00ednh t\u1ea1i Bangalore, \u1ea4n \u0110\u1ed9, v\u1edbi l\u1ecbch s\u1eed phong ph\u00fa tr\u1ea3i d\u00e0i g\u1ea7n 80 n\u0103m. Wipro Enterprises c\u00f3 l\u1ef1c l\u01b0\u1ee3ng lao \u0111\u1ed9ng to\u00e0n c\u1ea7u v\u1edbi h\u01a1n 10.000 nh\u00e2n vi\u00ean \u0111ang l\u00e0m vi\u1ec7c t\u1ea1i h\u01a1n 19 qu\u1ed1c gia. T\u1eadp [&hellip;]<\/p>\n","protected":false},"author":2,"featured_media":2896,"parent":15,"menu_order":0,"comment_status":"closed","ping_status":"closed","template":"page-templates\/front-page.php","meta":[],"acf":[],"_links":{"self":[{"href":"https:\/\/wiprocci.com\/vietnam\/wp-json\/wp\/v2\/pages\/17"}],"collection":[{"href":"https:\/\/wiprocci.com\/vietnam\/wp-json\/wp\/v2\/pages"}],"about":[{"href":"https:\/\/wiprocci.com\/vietnam\/wp-json\/wp\/v2\/types\/page"}],"author":[{"embeddable":true,"href":"https:\/\/wiprocci.com\/vietnam\/wp-json\/wp\/v2\/users\/2"}],"replies":[{"embeddable":true,"href":"https:\/\/wiprocci.com\/vietnam\/wp-json\/wp\/v2\/comments?post=17"}],"version-history":[{"count":82,"href":"https:\/\/wiprocci.com\/vietnam\/wp-json\/wp\/v2\/pages\/17\/revisions"}],"predecessor-version":[{"id":3130,"href":"https:\/\/wiprocci.com\/vietnam\/wp-json\/wp\/v2\/pages\/17\/revisions\/3130"}],"up":[{"embeddable":true,"href":"https:\/\/wiprocci.com\/vietnam\/wp-json\/wp\/v2\/pages\/15"}],"wp:featuredmedia":[{"embeddable":true,"href":"https:\/\/wiprocci.com\/vietnam\/wp-json\/wp\/v2\/media\/2896"}],"wp:attachment":[{"href":"https:\/\/wiprocci.com\/vietnam\/wp-json\/wp\/v2\/media?parent=17"}],"curies":[{"name":"wp","href":"https:\/\/api.w.org\/{rel}","templated":true}]}}